{"id":6908,"date":"2022-05-31T12:56:45","date_gmt":"2022-05-31T10:56:45","guid":{"rendered":"https:\/\/www.hotelroyalstresa.com\/lavora-con-noi\/"},"modified":"2024-06-25T15:07:27","modified_gmt":"2024-06-25T13:07:27","slug":"travaille-avec-nous","status":"publish","type":"page","link":"https:\/\/www.hotelroyalstresa.com\/fr\/travaille-avec-nous\/","title":{"rendered":"travaille avec nous"},"content":{"rendered":"\t\t<div data-elementor-type=\"wp-page\" data-elementor-id=\"6908\" class=\"elementor elementor-6908 elementor-5501\">\n\t\t\t\t\t\t<section class=\"elementor-section elementor-top-section elementor-element elementor-element-c9042e3 elementor-section-full_width qodef-elementor-content-grid elementor-section-height-default elementor-section-height-default\" data-id=\"c9042e3\" data-element_type=\"section\" data-e-type=\"section\">\n\t\t\t\t\t\t<div class=\"elementor-container elementor-column-gap-no\">\n\t\t\t\t\t<div class=\"elementor-column elementor-col-100 elementor-top-column elementor-element elementor-element-7ca5e6f\" data-id=\"7ca5e6f\" data-element_type=\"column\" data-e-type=\"column\">\n\t\t\t<div class=\"elementor-widget-wrap elementor-element-populated\">\n\t\t\t\t\t\t<div class=\"elementor-element elementor-element-f52185c elementor-widget elementor-widget-text-editor\" data-id=\"f52185c\" data-element_type=\"widget\" data-e-type=\"widget\" data-widget_type=\"text-editor.default\">\n\t\t\t\t<div class=\"elementor-widget-container\">\n\t\t\t\t\t\t\t\t\t<h2>Envoyer votre candidature<\/h2>\t\t\t\t\t\t\t\t<\/div>\n\t\t\t\t<\/div>\n\t\t\t\t<div class=\"elementor-element elementor-element-f340d5e elementor-widget elementor-widget-text-editor\" data-id=\"f340d5e\" data-element_type=\"widget\" data-e-type=\"widget\" data-widget_type=\"text-editor.default\">\n\t\t\t\t<div class=\"elementor-widget-container\">\n\t\t\t\t\t\t\t\t\t<p>Vous voulez rejoindre notre \u00e9quipe?<\/p><p>Nous examinerons votre candidature et nous vous contacterons si votre profil correspond \u00e0 nos besoins.<\/p>\t\t\t\t\t\t\t\t<\/div>\n\t\t\t\t<\/div>\n\t\t\t\t<div class=\"elementor-element elementor-element-694fb05 elementor-widget elementor-widget-wp-widget-alloggio_core_contact_form_7\" data-id=\"694fb05\" data-element_type=\"widget\" data-e-type=\"widget\" data-widget_type=\"wp-widget-alloggio_core_contact_form_7.default\">\n\t\t\t\t<div class=\"elementor-widget-container\">\n\t\t\t\t\t\t\t\t<div class=\"qodef-contact-form-7\">\n\t\t\t\t\n<div class=\"wpcf7 no-js\" id=\"wpcf7-f6868-o1\" lang=\"fr-FR\" dir=\"ltr\" data-wpcf7-id=\"6868\">\n<div class=\"screen-reader-response\"><p role=\"status\" aria-live=\"polite\" aria-atomic=\"true\"><\/p> <ul><\/ul><\/div>\n<form action=\"\/fr\/wp-json\/wp\/v2\/pages\/6908#wpcf7-f6868-o1\" method=\"post\" class=\"wpcf7-form init\" aria-label=\"Formulaire de contact\" enctype=\"multipart\/form-data\" novalidate=\"novalidate\" data-status=\"init\">\n<fieldset class=\"hidden-fields-container\"><input type=\"hidden\" name=\"_wpcf7\" value=\"6868\" \/><input type=\"hidden\" name=\"_wpcf7_version\" value=\"6.1.5\" \/><input type=\"hidden\" name=\"_wpcf7_locale\" value=\"fr_FR\" \/><input type=\"hidden\" name=\"_wpcf7_unit_tag\" value=\"wpcf7-f6868-o1\" \/><input type=\"hidden\" name=\"_wpcf7_container_post\" value=\"0\" \/><input type=\"hidden\" name=\"_wpcf7_posted_data_hash\" value=\"\" \/><input type=\"hidden\" name=\"_wpcf7_recaptcha_response\" value=\"\" \/>\n<\/fieldset>\n<div class=\"qodef-grid qodef-responsive--custom qodef-gutter--normal qodef-col-num--768--1 qodef-col-num--680--1 qodef-col-num--480--1 qodef-layout--columns qodef-col-num--2\">\n<div class=\"qodef-grid-inner\"> \n<div class=\"qodef-grid-item\"><span class=\"wpcf7-form-control-wrap\" data-name=\"nome\"><input size=\"40\" maxlength=\"400\" class=\"wpcf7-form-control wpcf7-text wpcf7-validates-as-required\" aria-required=\"true\" aria-invalid=\"false\" placeholder=\"Pr\u00e9nom*\" value=\"\" type=\"text\" name=\"nome\" \/><\/span><\/div>\n<div class=\"qodef-grid-item\"><span class=\"wpcf7-form-control-wrap\" data-name=\"cognome\"><input size=\"40\" maxlength=\"400\" class=\"wpcf7-form-control wpcf7-text wpcf7-validates-as-required\" aria-required=\"true\" aria-invalid=\"false\" placeholder=\"Nom de famille*\" value=\"\" type=\"text\" name=\"cognome\" \/><\/span><\/div>\n<\/div>\n<\/div>\n\n<div class=\"qodef-grid qodef-responsive--custom qodef-gutter--normal qodef-col-num--768--1 qodef-col-num--680--1 qodef-col-num--480--1 qodef-layout--columns qodef-col-num--2\">\n<div class=\"qodef-grid-inner\"> \n<div class=\"qodef-grid-item\"><span class=\"wpcf7-form-control-wrap\" data-name=\"email\"><input size=\"40\" maxlength=\"400\" class=\"wpcf7-form-control wpcf7-email wpcf7-validates-as-required wpcf7-text wpcf7-validates-as-email\" aria-required=\"true\" aria-invalid=\"false\" placeholder=\"Email*\" value=\"\" type=\"email\" name=\"email\" \/><\/span><\/div>\n<div class=\"qodef-grid-item\"><span class=\"wpcf7-form-control-wrap\" data-name=\"telefono\"><input size=\"40\" maxlength=\"400\" class=\"wpcf7-form-control wpcf7-tel wpcf7-validates-as-required wpcf7-text wpcf7-validates-as-tel\" aria-required=\"true\" aria-invalid=\"false\" placeholder=\"T\u00e9l\u00e9phone*\" value=\"\" type=\"tel\" name=\"telefono\" \/><\/span><\/div>\n<\/div>\n<\/div>\n\n<div class=\"qodef-grid qodef-gutter--normal\">\n<div class=\"qodef-grid-inner\">\n<div class=\"qodef-grid-item\">\n<span class=\"wpcf7-form-control-wrap\" data-name=\"presentazione\"><textarea cols=\"40\" rows=\"6\" maxlength=\"2000\" class=\"wpcf7-form-control wpcf7-textarea\" aria-invalid=\"false\" placeholder=\"Message\" name=\"presentazione\"><\/textarea><\/span>\n<\/div>\n<\/div>\n<\/div>\n\n<div class=\"qodef-grid qodef-gutter--normal\">\n<div class=\"qodef-grid-inner\">\n<div class=\"qodef-grid-item\">\nJoindre votre CV (pdf,doc,docx o txt) - Max 1,5 Mb\n<span class=\"wpcf7-form-control-wrap\" data-name=\"file-cv\"><input size=\"40\" class=\"wpcf7-form-control wpcf7-file\" accept=\".pdf,.doc,.docx,.txt\" aria-invalid=\"false\" type=\"file\" name=\"file-cv\" \/><\/span>\n<\/div>\n<\/div>\n<\/div>\n<div class=\"qodef-grid qodef-gutter--normal\">\n<div class=\"qodef-grid-inner\">\n<div class=\"qodef-grid-item\">\n<span class=\"wpcf7-form-control-wrap\" data-name=\"privacy\"><span class=\"wpcf7-form-control wpcf7-acceptance\"><span class=\"wpcf7-list-item\"><label><input type=\"checkbox\" name=\"privacy\" value=\"1\" aria-invalid=\"false\" \/><span class=\"wpcf7-list-item-label\">Je d\u00e9clare \u00eatre inform\u00e9 conform\u00e9ment \u00e0 la l\u00e9gislation europ\u00e9enne en vigueur (R\u00e8glement UE 2016\/679) ainsi qu'\u00e0 la loi italienne (D\u00e9cret l\u00e9gislatif n \u00b0 196\/2003 et modifications ult\u00e9rieures) et accepter la <a href=\"\/privacy-policy.pdf\" target=\"_blank\"> politique de confidentialit\u00e9<\/a>.<\/span><\/label><\/span><\/span><\/span>\n<\/div>\n<\/div>\n<\/div>\n<button class=\"wpcf7-form-control wpcf7-submit qodef-button qodef-size--normal qodef-type--outlined qodef-m\" type=\"submit\"><span class=\"qodef-m-text\">Envoyer<\/span><\/button><div class=\"wpcf7-response-output\" aria-hidden=\"true\"><\/div>\n<\/form>\n<\/div>\n\t\t\t<\/div>\n\t\t\t\t\t\t\t<\/div>\n\t\t\t\t<\/div>\n\t\t\t\t\t<\/div>\n\t\t<\/div>\n\t\t\t\t\t<\/div>\n\t\t<\/section>\n\t\t\t\t<section class=\"elementor-section elementor-top-section elementor-element elementor-element-04cb336 elementor-section-stretched elementor-section-boxed elementor-section-height-default elementor-section-height-default qodef-elementor-content-no\" data-id=\"04cb336\" data-element_type=\"section\" data-e-type=\"section\" data-settings=\"{&quot;stretch_section&quot;:&quot;section-stretched&quot;,&quot;background_background&quot;:&quot;classic&quot;}\">\n\t\t\t\t\t\t<div class=\"elementor-container elementor-column-gap-no\">\n\t\t\t\t\t<div class=\"elementor-column elementor-col-100 elementor-top-column elementor-element elementor-element-3b70905\" data-id=\"3b70905\" data-element_type=\"column\" data-e-type=\"column\" data-settings=\"{&quot;background_background&quot;:&quot;classic&quot;}\">\n\t\t\t<div class=\"elementor-widget-wrap elementor-element-populated\">\n\t\t\t\t\t\t<div class=\"elementor-element elementor-element-fb73580 elementor-widget elementor-widget-qi_addons_for_elementor_call_to_action\" data-id=\"fb73580\" data-element_type=\"widget\" data-e-type=\"widget\" data-widget_type=\"qi_addons_for_elementor_call_to_action.default\">\n\t\t\t\t<div class=\"elementor-widget-container\">\n\t\t\t\t\t<div class=\"qodef-shortcode qodef-m qodef-qi-call-to-action qodef-layout--standard qodef-button-below--768\">\n\t<div class=\"qodef-m-inner\">\n\t\t<div class=\"qodef-m-content\">\n\t\t\t<h5 class=\"qodef-m-title\">\n\t\t\tR\u00e9servez votre s\u00e9jour\t\t<\/h5>\n\t\t<\/div>\n\t\t\t<div class=\"qodef-m-button\">\n\t\t<a class=\"qodef-shortcode qodef-m qodef-qi-button qodef-html--link qodef-layout--filled qodef-type--standard qodef-size--small qodef-icon--left qodef-hover--icon-move-horizontal-short\" href=\"https:\/\/booking.ericsoft.com\/BookingEngine\/Book?idh=F1BE1223F57FD70C\" target=\"_blank\" rel=\"nofollow\">\t<span class=\"qodef-m-text\">R\u00c9SERVEZ EN LIGNE<\/span>\t\t<span class=\"qodef-m-icon\">\t\t<span class=\"qodef-m-icon-inner\">\t\t\t<i aria-hidden=\"true\" class=\"far fa-calendar-alt\"><\/i>\t\t\t\t\t<\/span>\t<\/span><\/a>\t<\/div>\n\t\t\t<\/div>\n<\/div>\n\t\t\t\t<\/div>\n\t\t\t\t<\/div>\n\t\t\t\t\t<\/div>\n\t\t<\/div>\n\t\t\t\t\t<\/div>\n\t\t<\/section>\n\t\t\t\t<\/div>\n\t\t","protected":false},"excerpt":{"rendered":"<p>Envoyer votre candidature Vous voulez rejoindre notre \u00e9quipe? Nous examinerons votre candidature et nous vous contacterons si votre profil correspond \u00e0 nos besoins. R\u00e9servez votre s\u00e9jour R\u00c9SERVEZ EN LIGNE<\/p>\n","protected":false},"author":1,"featured_media":0,"parent":0,"menu_order":0,"comment_status":"closed","ping_status":"closed","template":"page-full-width.php","meta":{"footnotes":""},"class_list":["post-6908","page","type-page","status-publish","hentry"],"yoast_head":"<!-- This site is optimized with the Yoast SEO plugin v27.4 - https:\/\/yoast.com\/product\/yoast-seo-wordpress\/ -->\n<title>Vous voulez travailler avec nous? Rejoignez l&#039;\u00e9quipe de l&#039;H\u00f4tel<\/title>\n<meta name=\"description\" content=\"Vous voulez rejoindre notre \u00e9quipe? Envoyez votre candidature et nous vous contacterons si votre profil correspond \u00e0 nos besoins.\" \/>\n<meta name=\"robots\" content=\"index, follow, max-snippet:-1, max-image-preview:large, max-video-preview:-1\" \/>\n<link rel=\"canonical\" href=\"https:\/\/www.hotelroyalstresa.com\/fr\/travaille-avec-nous\/\" \/>\n<meta property=\"og:locale\" content=\"fr_FR\" \/>\n<meta property=\"og:type\" content=\"article\" \/>\n<meta property=\"og:title\" content=\"Vous voulez travailler avec nous? Rejoignez l&#039;\u00e9quipe de l&#039;H\u00f4tel\" \/>\n<meta property=\"og:description\" content=\"Vous voulez rejoindre notre \u00e9quipe? Envoyez votre candidature et nous vous contacterons si votre profil correspond \u00e0 nos besoins.\" \/>\n<meta property=\"og:url\" content=\"https:\/\/www.hotelroyalstresa.com\/fr\/travaille-avec-nous\/\" \/>\n<meta property=\"og:site_name\" content=\"Hotel Royal Stresa\" \/>\n<meta property=\"article:publisher\" content=\"https:\/\/www.facebook.com\/hotelroyalstresa\" \/>\n<meta property=\"article:modified_time\" content=\"2024-06-25T13:07:27+00:00\" \/>\n<meta name=\"twitter:card\" content=\"summary_large_image\" \/>\n<meta name=\"twitter:label1\" content=\"Dur\u00e9e de lecture estim\u00e9e\" \/>\n\t<meta name=\"twitter:data1\" content=\"1 minute\" \/>\n<script type=\"application\/ld+json\" class=\"yoast-schema-graph\">{\"@context\":\"https:\\\/\\\/schema.org\",\"@graph\":[{\"@type\":\"WebPage\",\"@id\":\"https:\\\/\\\/www.hotelroyalstresa.com\\\/fr\\\/travaille-avec-nous\\\/\",\"url\":\"https:\\\/\\\/www.hotelroyalstresa.com\\\/fr\\\/travaille-avec-nous\\\/\",\"name\":\"Vous voulez travailler avec nous? Rejoignez l'\u00e9quipe de l'H\u00f4tel\",\"isPartOf\":{\"@id\":\"https:\\\/\\\/www.hotelroyalstresa.com\\\/fr\\\/#website\"},\"datePublished\":\"2022-05-31T10:56:45+00:00\",\"dateModified\":\"2024-06-25T13:07:27+00:00\",\"description\":\"Vous voulez rejoindre notre \u00e9quipe? Envoyez votre candidature et nous vous contacterons si votre profil correspond \u00e0 nos besoins.\",\"breadcrumb\":{\"@id\":\"https:\\\/\\\/www.hotelroyalstresa.com\\\/fr\\\/travaille-avec-nous\\\/#breadcrumb\"},\"inLanguage\":\"fr-FR\",\"potentialAction\":[{\"@type\":\"ReadAction\",\"target\":[\"https:\\\/\\\/www.hotelroyalstresa.com\\\/fr\\\/travaille-avec-nous\\\/\"]}]},{\"@type\":\"BreadcrumbList\",\"@id\":\"https:\\\/\\\/www.hotelroyalstresa.com\\\/fr\\\/travaille-avec-nous\\\/#breadcrumb\",\"itemListElement\":[{\"@type\":\"ListItem\",\"position\":1,\"name\":\"Home\",\"item\":\"https:\\\/\\\/www.hotelroyalstresa.com\\\/fr\\\/\"},{\"@type\":\"ListItem\",\"position\":2,\"name\":\"travaille avec nous\"}]},{\"@type\":\"WebSite\",\"@id\":\"https:\\\/\\\/www.hotelroyalstresa.com\\\/fr\\\/#website\",\"url\":\"https:\\\/\\\/www.hotelroyalstresa.com\\\/fr\\\/\",\"name\":\"Hotel Royal Stresa\",\"description\":\"\",\"publisher\":{\"@id\":\"https:\\\/\\\/www.hotelroyalstresa.com\\\/fr\\\/#organization\"},\"potentialAction\":[{\"@type\":\"SearchAction\",\"target\":{\"@type\":\"EntryPoint\",\"urlTemplate\":\"https:\\\/\\\/www.hotelroyalstresa.com\\\/fr\\\/?s={search_term_string}\"},\"query-input\":{\"@type\":\"PropertyValueSpecification\",\"valueRequired\":true,\"valueName\":\"search_term_string\"}}],\"inLanguage\":\"fr-FR\"},{\"@type\":\"Organization\",\"@id\":\"https:\\\/\\\/www.hotelroyalstresa.com\\\/fr\\\/#organization\",\"name\":\"Hotel Royal Stresa\",\"url\":\"https:\\\/\\\/www.hotelroyalstresa.com\\\/fr\\\/\",\"logo\":{\"@type\":\"ImageObject\",\"inLanguage\":\"fr-FR\",\"@id\":\"https:\\\/\\\/www.hotelroyalstresa.com\\\/fr\\\/#\\\/schema\\\/logo\\\/image\\\/\",\"url\":\"https:\\\/\\\/www.hotelroyalstresa.com\\\/wp-content\\\/uploads\\\/2023\\\/03\\\/logo-royal-2022-orizzontale.png\",\"contentUrl\":\"https:\\\/\\\/www.hotelroyalstresa.com\\\/wp-content\\\/uploads\\\/2023\\\/03\\\/logo-royal-2022-orizzontale.png\",\"width\":1536,\"height\":213,\"caption\":\"Hotel Royal Stresa\"},\"image\":{\"@id\":\"https:\\\/\\\/www.hotelroyalstresa.com\\\/fr\\\/#\\\/schema\\\/logo\\\/image\\\/\"},\"sameAs\":[\"https:\\\/\\\/www.facebook.com\\\/hotelroyalstresa\",\"https:\\\/\\\/www.instagram.com\\\/hotelroyalstresa\\\/\"]}]}<\/script>\n<!-- \/ Yoast SEO plugin. -->","yoast_head_json":{"title":"Vous voulez travailler avec nous? Rejoignez l'\u00e9quipe de l'H\u00f4tel","description":"Vous voulez rejoindre notre \u00e9quipe? Envoyez votre candidature et nous vous contacterons si votre profil correspond \u00e0 nos besoins.","robots":{"index":"index","follow":"follow","max-snippet":"max-snippet:-1","max-image-preview":"max-image-preview:large","max-video-preview":"max-video-preview:-1"},"canonical":"https:\/\/www.hotelroyalstresa.com\/fr\/travaille-avec-nous\/","og_locale":"fr_FR","og_type":"article","og_title":"Vous voulez travailler avec nous? Rejoignez l'\u00e9quipe de l'H\u00f4tel","og_description":"Vous voulez rejoindre notre \u00e9quipe? Envoyez votre candidature et nous vous contacterons si votre profil correspond \u00e0 nos besoins.","og_url":"https:\/\/www.hotelroyalstresa.com\/fr\/travaille-avec-nous\/","og_site_name":"Hotel Royal Stresa","article_publisher":"https:\/\/www.facebook.com\/hotelroyalstresa","article_modified_time":"2024-06-25T13:07:27+00:00","twitter_card":"summary_large_image","twitter_misc":{"Dur\u00e9e de lecture estim\u00e9e":"1 minute"},"schema":{"@context":"https:\/\/schema.org","@graph":[{"@type":"WebPage","@id":"https:\/\/www.hotelroyalstresa.com\/fr\/travaille-avec-nous\/","url":"https:\/\/www.hotelroyalstresa.com\/fr\/travaille-avec-nous\/","name":"Vous voulez travailler avec nous? Rejoignez l'\u00e9quipe de l'H\u00f4tel","isPartOf":{"@id":"https:\/\/www.hotelroyalstresa.com\/fr\/#website"},"datePublished":"2022-05-31T10:56:45+00:00","dateModified":"2024-06-25T13:07:27+00:00","description":"Vous voulez rejoindre notre \u00e9quipe? Envoyez votre candidature et nous vous contacterons si votre profil correspond \u00e0 nos besoins.","breadcrumb":{"@id":"https:\/\/www.hotelroyalstresa.com\/fr\/travaille-avec-nous\/#breadcrumb"},"inLanguage":"fr-FR","potentialAction":[{"@type":"ReadAction","target":["https:\/\/www.hotelroyalstresa.com\/fr\/travaille-avec-nous\/"]}]},{"@type":"BreadcrumbList","@id":"https:\/\/www.hotelroyalstresa.com\/fr\/travaille-avec-nous\/#breadcrumb","itemListElement":[{"@type":"ListItem","position":1,"name":"Home","item":"https:\/\/www.hotelroyalstresa.com\/fr\/"},{"@type":"ListItem","position":2,"name":"travaille avec nous"}]},{"@type":"WebSite","@id":"https:\/\/www.hotelroyalstresa.com\/fr\/#website","url":"https:\/\/www.hotelroyalstresa.com\/fr\/","name":"Hotel Royal Stresa","description":"","publisher":{"@id":"https:\/\/www.hotelroyalstresa.com\/fr\/#organization"},"potentialAction":[{"@type":"SearchAction","target":{"@type":"EntryPoint","urlTemplate":"https:\/\/www.hotelroyalstresa.com\/fr\/?s={search_term_string}"},"query-input":{"@type":"PropertyValueSpecification","valueRequired":true,"valueName":"search_term_string"}}],"inLanguage":"fr-FR"},{"@type":"Organization","@id":"https:\/\/www.hotelroyalstresa.com\/fr\/#organization","name":"Hotel Royal Stresa","url":"https:\/\/www.hotelroyalstresa.com\/fr\/","logo":{"@type":"ImageObject","inLanguage":"fr-FR","@id":"https:\/\/www.hotelroyalstresa.com\/fr\/#\/schema\/logo\/image\/","url":"https:\/\/www.hotelroyalstresa.com\/wp-content\/uploads\/2023\/03\/logo-royal-2022-orizzontale.png","contentUrl":"https:\/\/www.hotelroyalstresa.com\/wp-content\/uploads\/2023\/03\/logo-royal-2022-orizzontale.png","width":1536,"height":213,"caption":"Hotel Royal Stresa"},"image":{"@id":"https:\/\/www.hotelroyalstresa.com\/fr\/#\/schema\/logo\/image\/"},"sameAs":["https:\/\/www.facebook.com\/hotelroyalstresa","https:\/\/www.instagram.com\/hotelroyalstresa\/"]}]}},"_links":{"self":[{"href":"https:\/\/www.hotelroyalstresa.com\/fr\/wp-json\/wp\/v2\/pages\/6908","targetHints":{"allow":["GET"]}}],"collection":[{"href":"https:\/\/www.hotelroyalstresa.com\/fr\/wp-json\/wp\/v2\/pages"}],"about":[{"href":"https:\/\/www.hotelroyalstresa.com\/fr\/wp-json\/wp\/v2\/types\/page"}],"author":[{"embeddable":true,"href":"https:\/\/www.hotelroyalstresa.com\/fr\/wp-json\/wp\/v2\/users\/1"}],"replies":[{"embeddable":true,"href":"https:\/\/www.hotelroyalstresa.com\/fr\/wp-json\/wp\/v2\/comments?post=6908"}],"version-history":[{"count":14,"href":"https:\/\/www.hotelroyalstresa.com\/fr\/wp-json\/wp\/v2\/pages\/6908\/revisions"}],"predecessor-version":[{"id":7865,"href":"https:\/\/www.hotelroyalstresa.com\/fr\/wp-json\/wp\/v2\/pages\/6908\/revisions\/7865"}],"wp:attachment":[{"href":"https:\/\/www.hotelroyalstresa.com\/fr\/wp-json\/wp\/v2\/media?parent=6908"}],"curies":[{"name":"wp","href":"https:\/\/api.w.org\/{rel}","templated":true}]}}