{"id":6877,"date":"2020-04-01T10:05:27","date_gmt":"2020-04-01T08:05:27","guid":{"rendered":"https:\/\/www.hotelroyalstresa.com\/attivita\/"},"modified":"2023-04-17T15:22:53","modified_gmt":"2023-04-17T13:22:53","slug":"activites","status":"publish","type":"page","link":"https:\/\/www.hotelroyalstresa.com\/fr\/activites\/","title":{"rendered":"Activit\u00e9s"},"content":{"rendered":"\t\t<div data-elementor-type=\"wp-page\" data-elementor-id=\"6877\" class=\"elementor elementor-6877 elementor-2712\">\n\t\t\t\t\t\t<section class=\"elementor-section elementor-top-section elementor-element elementor-element-89d494d elementor-section-full_width qodef-elementor-content-grid elementor-section-height-default elementor-section-height-default\" data-id=\"89d494d\" data-element_type=\"section\" data-e-type=\"section\">\n\t\t\t\t\t\t<div class=\"elementor-container elementor-column-gap-no\">\n\t\t\t\t\t<div class=\"elementor-column elementor-col-33 elementor-top-column elementor-element elementor-element-8b609be\" data-id=\"8b609be\" data-element_type=\"column\" data-e-type=\"column\">\n\t\t\t<div class=\"elementor-widget-wrap elementor-element-populated\">\n\t\t\t\t\t\t<div class=\"elementor-element elementor-element-fd35d10 elementor-widget elementor-widget-heading\" data-id=\"fd35d10\" data-element_type=\"widget\" data-e-type=\"widget\" data-widget_type=\"heading.default\">\n\t\t\t\t<div class=\"elementor-widget-container\">\n\t\t\t\t\t<h2 class=\"elementor-heading-title elementor-size-default\">Activit\u00e9s et alentours<\/h2>\t\t\t\t<\/div>\n\t\t\t\t<\/div>\n\t\t\t\t\t<\/div>\n\t\t<\/div>\n\t\t\t\t<div class=\"elementor-column elementor-col-66 elementor-top-column elementor-element elementor-element-f0df83e\" data-id=\"f0df83e\" data-element_type=\"column\" data-e-type=\"column\">\n\t\t\t<div class=\"elementor-widget-wrap elementor-element-populated\">\n\t\t\t\t\t\t<div class=\"elementor-element elementor-element-97be75b elementor-widget elementor-widget-text-editor\" data-id=\"97be75b\" data-element_type=\"widget\" data-e-type=\"widget\" data-widget_type=\"text-editor.default\">\n\t\t\t\t<div class=\"elementor-widget-container\">\n\t\t\t\t\t\t\t\t\t<p>En plein c\u0153ur de l\u2019Europe , la nature a cr\u00e9\u00e9 une oasis o\u00f9 est concentr\u00e9 le meilleur d\u2019elle-m\u00eame. Ici, dans la partie m\u00e9ridionale des Alpes, la lumi\u00e8re change, les montagnes se refl\u00e8tent dans les eaux des Lacs, un climat doux laisse pousser des plantes exotiques, on respire l\u2019air du Sud et l\u2019\u00e2me devient plus l\u00e9g\u00e8re.<\/p><p>\u00a0<\/p><p>Le Lac Majeur, le deuxi\u00e8me plus grand lac italien, avec de forts contrastes, d\u00e9gage un myst\u00e8re tr\u00e8s particulier. Ses eaux bleu ciel et sa v\u00e9g\u00e9tation m\u00e9diterran\u00e9enne sont entour\u00e9es par rien de moins que les montagnes les plus hautes d\u2019Europe.<\/p><p>\u00a0<\/p><p>Le Lac dessine un S, reliant les Alpes \u00e0 la Vall\u00e9e du P\u00f4, et ouvre son profil dans le Golfe Borrom\u00e9e pour accueillir un archipel d\u2019\u00eeles.<\/p><p>\u00a0<\/p><p>Baign\u00e9es de soleil et prot\u00e9g\u00e9es des vents, les \u00celes sont un v\u00e9ritable paradis terrestre qui attend d\u2019\u00eatre d\u00e9couvert\u2026<\/p>\t\t\t\t\t\t\t\t<\/div>\n\t\t\t\t<\/div>\n\t\t\t\t<div class=\"elementor-element elementor-element-f9e1eed elementor-widget elementor-widget-heading\" data-id=\"f9e1eed\" data-element_type=\"widget\" data-e-type=\"widget\" data-widget_type=\"heading.default\">\n\t\t\t\t<div class=\"elementor-widget-container\">\n\t\t\t\t\t<h4 class=\"elementor-heading-title elementor-size-default\">Que faire \u00e0 Stresa? Que visiter sur le Lac Majeur?<\/h4>\t\t\t\t<\/div>\n\t\t\t\t<\/div>\n\t\t\t\t<div class=\"elementor-element elementor-element-36ee13e elementor-widget elementor-widget-text-editor\" data-id=\"36ee13e\" data-element_type=\"widget\" data-e-type=\"widget\" data-widget_type=\"text-editor.default\">\n\t\t\t\t<div class=\"elementor-widget-container\">\n\t\t\t\t\t\t\t\t\t<p>L\u2019H\u00f4tel Royal vous accueille \u00e0 Stresa sur le Lac Majeur pour vous offrir des vacances sous le signe du repos et du charme sans oublier toutes les opportunit\u00e9s d\u2019\u00e9vasion aussi bien sportive (terrains de golf, navigation de plaisance, tennis, \u00e9quitation, trekking, etc.) que culturelle (visite des \u00celes Borrom\u00e9es et ses Jardins Botaniques, Les Semaines Musicales de Stresa et du Lac Majeur, Congr\u00e8s, Meeting, etc.).<\/p><p><em>Sorties culturelles, activit\u00e9s physiques en pleine nature ou doux farniente-et ce sera avec grand plaisir que nous pourrons vous donner quelques conseils pour vous aider \u00e0 planifier au mieux les vacances de vos r\u00eaves.<\/em><\/p>\t\t\t\t\t\t\t\t<\/div>\n\t\t\t\t<\/div>\n\t\t\t\t\t<\/div>\n\t\t<\/div>\n\t\t\t\t\t<\/div>\n\t\t<\/section>\n\t\t\t\t<section class=\"elementor-section elementor-top-section elementor-element elementor-element-a9bcd75 elementor-section-full_width qodef-elementor-content-grid elementor-hidden-desktop elementor-hidden-tablet elementor-hidden-mobile elementor-section-height-default elementor-section-height-default\" data-id=\"a9bcd75\" data-element_type=\"section\" data-e-type=\"section\">\n\t\t\t\t\t\t<div class=\"elementor-container elementor-column-gap-no\">\n\t\t\t\t\t<div class=\"elementor-column elementor-col-33 elementor-top-column elementor-element elementor-element-36673cf\" data-id=\"36673cf\" data-element_type=\"column\" data-e-type=\"column\">\n\t\t\t<div class=\"elementor-widget-wrap elementor-element-populated\">\n\t\t\t\t\t\t<div class=\"elementor-element elementor-element-1770090 elementor-widget elementor-widget-alloggio_core_image_with_text\" data-id=\"1770090\" data-element_type=\"widget\" data-e-type=\"widget\" data-widget_type=\"alloggio_core_image_with_text.default\">\n\t\t\t\t<div class=\"elementor-widget-container\">\n\t\t\t\t\t<div class=\"qodef-shortcode qodef-m  qodef-image-with-text qodef-layout--text-below  \">\n\t<div class=\"qodef-m-image\">\n\t\t\t\t\t\t\t\t\t\t\t\t\t\t\t\t\t\t<\/div>\t<div class=\"qodef-m-content\">\n\t\t\t<h3 class=\"qodef-m-title\" style=\"margin-top: 20px\">\n\t\t\t\t\tRelax &amp; Benessere\t\t\t<\/h3>\n\t\t\t<p class=\"qodef-m-text\" style=\"margin-top: 13px\">Nullam a neque dignissim, venenatis lectus non, elementum augue. Donec in sapien quis ante convallis vestibulum. In accumsan erat sed fringilla euismod vulputate pharetra orci.<\/p>\n\t<\/div>\n<\/div>\t\t\t\t<\/div>\n\t\t\t\t<\/div>\n\t\t\t\t\t<\/div>\n\t\t<\/div>\n\t\t\t\t<div class=\"elementor-column elementor-col-33 elementor-top-column elementor-element elementor-element-7bb917f\" data-id=\"7bb917f\" data-element_type=\"column\" data-e-type=\"column\">\n\t\t\t<div class=\"elementor-widget-wrap elementor-element-populated\">\n\t\t\t\t\t\t<div class=\"elementor-element elementor-element-e82621a elementor-widget elementor-widget-alloggio_core_image_with_text\" data-id=\"e82621a\" data-element_type=\"widget\" data-e-type=\"widget\" data-widget_type=\"alloggio_core_image_with_text.default\">\n\t\t\t\t<div class=\"elementor-widget-container\">\n\t\t\t\t\t<div class=\"qodef-shortcode qodef-m  qodef-image-with-text qodef-layout--text-below  \">\n\t<div class=\"qodef-m-image\">\n\t\t\t\t\t\t\t\t\t\t\t\t\t\t\t\t\t\t<\/div>\t<div class=\"qodef-m-content\">\n\t\t\t<h3 class=\"qodef-m-title\" style=\"margin-top: 20px\">\n\t\t\t\t\tSport &amp; Fitness\t\t\t<\/h3>\n\t\t\t<p class=\"qodef-m-text\" >Nullam a neque dignissim, venenatis lectus non, elementum augue. Donec in sapien quis ante convallis vestibulum. In accumsan erat sed fringilla euismod vulputate pharetra orci.<\/p>\n\t<\/div>\n<\/div>\t\t\t\t<\/div>\n\t\t\t\t<\/div>\n\t\t\t\t\t<\/div>\n\t\t<\/div>\n\t\t\t\t<div class=\"elementor-column elementor-col-33 elementor-top-column elementor-element elementor-element-686c4c7\" data-id=\"686c4c7\" data-element_type=\"column\" data-e-type=\"column\">\n\t\t\t<div class=\"elementor-widget-wrap elementor-element-populated\">\n\t\t\t\t\t\t<div class=\"elementor-element elementor-element-6330fff elementor-widget elementor-widget-alloggio_core_image_with_text\" data-id=\"6330fff\" data-element_type=\"widget\" data-e-type=\"widget\" data-widget_type=\"alloggio_core_image_with_text.default\">\n\t\t\t\t<div class=\"elementor-widget-container\">\n\t\t\t\t\t<div class=\"qodef-shortcode qodef-m  qodef-image-with-text qodef-layout--text-below  \">\n\t<div class=\"qodef-m-image\">\n\t\t\t\t\t\t\t\t\t\t\t\t\t\t\t\t\t\t<\/div>\t<div class=\"qodef-m-content\">\n\t\t\t<h3 class=\"qodef-m-title\" style=\"margin-top: 20px\">\n\t\t\t\t\tEventi culturali\t\t\t<\/h3>\n\t\t\t<p class=\"qodef-m-text\" style=\"margin-top: 13px\">Nullam a neque dignissim, venenatis lectus non, elementum augue. Donec in sapien quis ante con vallis vestibulum. In accumsan erat sed fringilla euismod vulputate pharetra orci et. Suspendisse ipsum ac pulvinar nec ut urna.<\/p>\n\t<\/div>\n<\/div>\t\t\t\t<\/div>\n\t\t\t\t<\/div>\n\t\t\t\t\t<\/div>\n\t\t<\/div>\n\t\t\t\t\t<\/div>\n\t\t<\/section>\n\t\t\t\t<section class=\"elementor-section elementor-top-section elementor-element elementor-element-a0d2bba elementor-section-full_width qodef-elementor-content-grid elementor-hidden-desktop elementor-hidden-tablet elementor-hidden-mobile elementor-section-height-default elementor-section-height-default\" data-id=\"a0d2bba\" data-element_type=\"section\" data-e-type=\"section\">\n\t\t\t\t\t\t<div class=\"elementor-container elementor-column-gap-no\">\n\t\t\t\t\t<div class=\"elementor-column elementor-col-33 elementor-top-column elementor-element elementor-element-2fd5d8f\" data-id=\"2fd5d8f\" data-element_type=\"column\" data-e-type=\"column\">\n\t\t\t<div class=\"elementor-widget-wrap elementor-element-populated\">\n\t\t\t\t\t\t<div class=\"elementor-element elementor-element-d735bb5 elementor-widget elementor-widget-alloggio_core_image_with_text\" data-id=\"d735bb5\" data-element_type=\"widget\" data-e-type=\"widget\" data-widget_type=\"alloggio_core_image_with_text.default\">\n\t\t\t\t<div class=\"elementor-widget-container\">\n\t\t\t\t\t<div class=\"qodef-shortcode qodef-m  qodef-image-with-text qodef-layout--text-below  \">\n\t<div class=\"qodef-m-image\">\n\t\t\t\t\t\t\t\t\t\t\t\t\t\t\t\t\t\t<\/div>\t<div class=\"qodef-m-content\">\n\t\t\t<h3 class=\"qodef-m-title\" style=\"margin-top: 20px\">\n\t\t\t\t\tMercati Locali\t\t\t<\/h3>\n\t\t\t<p class=\"qodef-m-text\" >Nullam a neque dignissim, venenatis lectus non, elementum augue. Donec in sapien quis ante convallis vestibulum. In accumsan erat sed fringilla euismod vulputate pharetra orci.<\/p>\n\t<\/div>\n<\/div>\t\t\t\t<\/div>\n\t\t\t\t<\/div>\n\t\t\t\t\t<\/div>\n\t\t<\/div>\n\t\t\t\t<div class=\"elementor-column elementor-col-33 elementor-top-column elementor-element elementor-element-847cb54\" data-id=\"847cb54\" data-element_type=\"column\" data-e-type=\"column\">\n\t\t\t<div class=\"elementor-widget-wrap elementor-element-populated\">\n\t\t\t\t\t\t<div class=\"elementor-element elementor-element-6fe3cdf elementor-widget elementor-widget-alloggio_core_image_with_text\" data-id=\"6fe3cdf\" data-element_type=\"widget\" data-e-type=\"widget\" data-widget_type=\"alloggio_core_image_with_text.default\">\n\t\t\t\t<div class=\"elementor-widget-container\">\n\t\t\t\t\t<div class=\"qodef-shortcode qodef-m  qodef-image-with-text qodef-layout--text-below  \">\n\t<div class=\"qodef-m-image\">\n\t\t\t\t\t\t\t\t\t\t\t\t\t\t\t\t\t\t<\/div>\t<div class=\"qodef-m-content\">\n\t\t\t<h3 class=\"qodef-m-title\" style=\"margin-top: 20px\">\n\t\t\t\t\tTradizione culinaria\t\t\t<\/h3>\n\t\t\t<p class=\"qodef-m-text\" style=\"margin-top: 13px\">Nullam a neque dignissim, venenatis lectus non, elementum augue. Donec in sapien quis ante con vallis vestibulum. In accumsan erat sed fringilla euismod vulputate pharetra orci et. Suspendisse ipsum ac pulvinar nec ut urna.<\/p>\n\t<\/div>\n<\/div>\t\t\t\t<\/div>\n\t\t\t\t<\/div>\n\t\t\t\t\t<\/div>\n\t\t<\/div>\n\t\t\t\t<div class=\"elementor-column elementor-col-33 elementor-top-column elementor-element elementor-element-78f5052\" data-id=\"78f5052\" data-element_type=\"column\" data-e-type=\"column\">\n\t\t\t<div class=\"elementor-widget-wrap elementor-element-populated\">\n\t\t\t\t\t\t<div class=\"elementor-element elementor-element-81a2412 elementor-widget elementor-widget-alloggio_core_image_with_text\" data-id=\"81a2412\" data-element_type=\"widget\" data-e-type=\"widget\" data-widget_type=\"alloggio_core_image_with_text.default\">\n\t\t\t\t<div class=\"elementor-widget-container\">\n\t\t\t\t\t<div class=\"qodef-shortcode qodef-m  qodef-image-with-text qodef-layout--text-below  \">\n\t<div class=\"qodef-m-image\">\n\t\t\t\t\t\t\t\t\t\t\t\t\t\t\t\t\t\t<\/div>\t<div class=\"qodef-m-content\">\n\t\t\t<h3 class=\"qodef-m-title\" style=\"margin-top: 20px\">\n\t\t\t\t\tAttivit\u00e0 per bambini\t\t\t<\/h3>\n\t\t\t<p class=\"qodef-m-text\" style=\"margin-top: 13px\">Nullam a neque dignissim, venenatis lectus non, elementum augue. Donec in sapien quis ante convallis vestibulum. In accumsan erat sed fringilla euismod vulputate pharetra orci.<\/p>\n\t<\/div>\n<\/div>\t\t\t\t<\/div>\n\t\t\t\t<\/div>\n\t\t\t\t\t<\/div>\n\t\t<\/div>\n\t\t\t\t\t<\/div>\n\t\t<\/section>\n\t\t\t\t<section class=\"elementor-section elementor-top-section elementor-element elementor-element-5bdde1f elementor-section-stretched elementor-section-boxed elementor-section-height-default elementor-section-height-default qodef-elementor-content-no\" data-id=\"5bdde1f\" data-element_type=\"section\" data-e-type=\"section\" data-settings=\"{&quot;stretch_section&quot;:&quot;section-stretched&quot;,&quot;background_background&quot;:&quot;classic&quot;}\">\n\t\t\t\t\t\t<div class=\"elementor-container elementor-column-gap-no\">\n\t\t\t\t\t<div class=\"elementor-column elementor-col-100 elementor-top-column elementor-element elementor-element-8e9c508\" data-id=\"8e9c508\" data-element_type=\"column\" data-e-type=\"column\" data-settings=\"{&quot;background_background&quot;:&quot;classic&quot;}\">\n\t\t\t<div class=\"elementor-widget-wrap elementor-element-populated\">\n\t\t\t\t\t\t<div class=\"elementor-element elementor-element-15a1ac0 elementor-widget elementor-widget-qi_addons_for_elementor_call_to_action\" data-id=\"15a1ac0\" data-element_type=\"widget\" data-e-type=\"widget\" data-widget_type=\"qi_addons_for_elementor_call_to_action.default\">\n\t\t\t\t<div class=\"elementor-widget-container\">\n\t\t\t\t\t<div class=\"qodef-shortcode qodef-m qodef-qi-call-to-action qodef-layout--standard qodef-button-below--768\">\n\t<div class=\"qodef-m-inner\">\n\t\t<div class=\"qodef-m-content\">\n\t\t\t<h5 class=\"qodef-m-title\">\n\t\t\tR\u00e9servez votre s\u00e9jour\t\t<\/h5>\n\t\t<\/div>\n\t\t\t<div class=\"qodef-m-button\">\n\t\t<a class=\"qodef-shortcode qodef-m qodef-qi-button qodef-html--link qodef-layout--filled qodef-type--standard qodef-size--small qodef-icon--left qodef-hover--icon-move-horizontal-short\" href=\"https:\/\/booking.ericsoft.com\/BookingEngine\/Book?idh=F1BE1223F57FD70C\" target=\"_blank\" rel=\"nofollow\">\t<span class=\"qodef-m-text\">R\u00c9SERVEZ EN LIGNE<\/span>\t\t<span class=\"qodef-m-icon\">\t\t<span class=\"qodef-m-icon-inner\">\t\t\t<i aria-hidden=\"true\" class=\"far fa-calendar-alt\"><\/i>\t\t\t\t\t<\/span>\t<\/span><\/a>\t<\/div>\n\t\t\t<\/div>\n<\/div>\n\t\t\t\t<\/div>\n\t\t\t\t<\/div>\n\t\t\t\t\t<\/div>\n\t\t<\/div>\n\t\t\t\t\t<\/div>\n\t\t<\/section>\n\t\t\t\t<\/div>\n\t\t","protected":false},"excerpt":{"rendered":"<p>Activit\u00e9s et alentours En plein c\u0153ur de l\u2019Europe , la nature a cr\u00e9\u00e9 une oasis o\u00f9 est concentr\u00e9 le meilleur d\u2019elle-m\u00eame. Ici, dans la partie m\u00e9ridionale des Alpes, la lumi\u00e8re change, les montagnes se refl\u00e8tent dans les eaux des Lacs, un climat doux laisse pousser des plantes exotiques, on respire l\u2019air du Sud et l\u2019\u00e2me [&hellip;]<\/p>\n","protected":false},"author":1,"featured_media":0,"parent":0,"menu_order":0,"comment_status":"closed","ping_status":"closed","template":"page-full-width.php","meta":{"footnotes":""},"class_list":["post-6877","page","type-page","status-publish","hentry"],"yoast_head":"<!-- This site is optimized with the Yoast SEO plugin v27.4 - https:\/\/yoast.com\/product\/yoast-seo-wordpress\/ -->\n<title>Que faire \u00e0 Stresa ? Que visiter sur la Lac Majeur ?<\/title>\n<meta name=\"description\" content=\"Situ\u00e9e dans un environnement calme, dans le cadre splendide du Lac Majeur, Stresa est la localit\u00e9 id\u00e9ale pour explorer les merveilles de notre territoire et vivre toutes les opportunit\u00e9s d\u2019\u00e9vasion aussi bien sportive que culturelle.\" \/>\n<meta name=\"robots\" content=\"index, follow, max-snippet:-1, max-image-preview:large, max-video-preview:-1\" \/>\n<link rel=\"canonical\" href=\"https:\/\/www.hotelroyalstresa.com\/fr\/activites\/\" \/>\n<meta property=\"og:locale\" content=\"fr_FR\" \/>\n<meta property=\"og:type\" content=\"article\" \/>\n<meta property=\"og:title\" content=\"Que faire \u00e0 Stresa ? Que visiter sur la Lac Majeur ?\" \/>\n<meta property=\"og:description\" content=\"Situ\u00e9e dans un environnement calme, dans le cadre splendide du Lac Majeur, Stresa est la localit\u00e9 id\u00e9ale pour explorer les merveilles de notre territoire et vivre toutes les opportunit\u00e9s d\u2019\u00e9vasion aussi bien sportive que culturelle.\" \/>\n<meta property=\"og:url\" content=\"https:\/\/www.hotelroyalstresa.com\/fr\/activites\/\" \/>\n<meta property=\"og:site_name\" content=\"Hotel Royal Stresa\" \/>\n<meta property=\"article:publisher\" content=\"https:\/\/www.facebook.com\/hotelroyalstresa\" \/>\n<meta property=\"article:modified_time\" content=\"2023-04-17T13:22:53+00:00\" \/>\n<meta name=\"twitter:card\" content=\"summary_large_image\" \/>\n<meta name=\"twitter:label1\" content=\"Dur\u00e9e de lecture estim\u00e9e\" \/>\n\t<meta name=\"twitter:data1\" content=\"3 minutes\" \/>\n<script type=\"application\/ld+json\" class=\"yoast-schema-graph\">{\"@context\":\"https:\\\/\\\/schema.org\",\"@graph\":[{\"@type\":\"WebPage\",\"@id\":\"https:\\\/\\\/www.hotelroyalstresa.com\\\/fr\\\/activites\\\/\",\"url\":\"https:\\\/\\\/www.hotelroyalstresa.com\\\/fr\\\/activites\\\/\",\"name\":\"Que faire \u00e0 Stresa ? Que visiter sur la Lac Majeur ?\",\"isPartOf\":{\"@id\":\"https:\\\/\\\/www.hotelroyalstresa.com\\\/fr\\\/#website\"},\"datePublished\":\"2020-04-01T08:05:27+00:00\",\"dateModified\":\"2023-04-17T13:22:53+00:00\",\"description\":\"Situ\u00e9e dans un environnement calme, dans le cadre splendide du Lac Majeur, Stresa est la localit\u00e9 id\u00e9ale pour explorer les merveilles de notre territoire et vivre toutes les opportunit\u00e9s d\u2019\u00e9vasion aussi bien sportive que culturelle.\",\"breadcrumb\":{\"@id\":\"https:\\\/\\\/www.hotelroyalstresa.com\\\/fr\\\/activites\\\/#breadcrumb\"},\"inLanguage\":\"fr-FR\",\"potentialAction\":[{\"@type\":\"ReadAction\",\"target\":[\"https:\\\/\\\/www.hotelroyalstresa.com\\\/fr\\\/activites\\\/\"]}]},{\"@type\":\"BreadcrumbList\",\"@id\":\"https:\\\/\\\/www.hotelroyalstresa.com\\\/fr\\\/activites\\\/#breadcrumb\",\"itemListElement\":[{\"@type\":\"ListItem\",\"position\":1,\"name\":\"Home\",\"item\":\"https:\\\/\\\/www.hotelroyalstresa.com\\\/fr\\\/\"},{\"@type\":\"ListItem\",\"position\":2,\"name\":\"Activit\u00e9s\"}]},{\"@type\":\"WebSite\",\"@id\":\"https:\\\/\\\/www.hotelroyalstresa.com\\\/fr\\\/#website\",\"url\":\"https:\\\/\\\/www.hotelroyalstresa.com\\\/fr\\\/\",\"name\":\"Hotel Royal Stresa\",\"description\":\"\",\"publisher\":{\"@id\":\"https:\\\/\\\/www.hotelroyalstresa.com\\\/fr\\\/#organization\"},\"potentialAction\":[{\"@type\":\"SearchAction\",\"target\":{\"@type\":\"EntryPoint\",\"urlTemplate\":\"https:\\\/\\\/www.hotelroyalstresa.com\\\/fr\\\/?s={search_term_string}\"},\"query-input\":{\"@type\":\"PropertyValueSpecification\",\"valueRequired\":true,\"valueName\":\"search_term_string\"}}],\"inLanguage\":\"fr-FR\"},{\"@type\":\"Organization\",\"@id\":\"https:\\\/\\\/www.hotelroyalstresa.com\\\/fr\\\/#organization\",\"name\":\"Hotel Royal Stresa\",\"url\":\"https:\\\/\\\/www.hotelroyalstresa.com\\\/fr\\\/\",\"logo\":{\"@type\":\"ImageObject\",\"inLanguage\":\"fr-FR\",\"@id\":\"https:\\\/\\\/www.hotelroyalstresa.com\\\/fr\\\/#\\\/schema\\\/logo\\\/image\\\/\",\"url\":\"https:\\\/\\\/www.hotelroyalstresa.com\\\/wp-content\\\/uploads\\\/2023\\\/03\\\/logo-royal-2022-orizzontale.png\",\"contentUrl\":\"https:\\\/\\\/www.hotelroyalstresa.com\\\/wp-content\\\/uploads\\\/2023\\\/03\\\/logo-royal-2022-orizzontale.png\",\"width\":1536,\"height\":213,\"caption\":\"Hotel Royal Stresa\"},\"image\":{\"@id\":\"https:\\\/\\\/www.hotelroyalstresa.com\\\/fr\\\/#\\\/schema\\\/logo\\\/image\\\/\"},\"sameAs\":[\"https:\\\/\\\/www.facebook.com\\\/hotelroyalstresa\",\"https:\\\/\\\/www.instagram.com\\\/hotelroyalstresa\\\/\"]}]}<\/script>\n<!-- \/ Yoast SEO plugin. -->","yoast_head_json":{"title":"Que faire \u00e0 Stresa ? Que visiter sur la Lac Majeur ?","description":"Situ\u00e9e dans un environnement calme, dans le cadre splendide du Lac Majeur, Stresa est la localit\u00e9 id\u00e9ale pour explorer les merveilles de notre territoire et vivre toutes les opportunit\u00e9s d\u2019\u00e9vasion aussi bien sportive que culturelle.","robots":{"index":"index","follow":"follow","max-snippet":"max-snippet:-1","max-image-preview":"max-image-preview:large","max-video-preview":"max-video-preview:-1"},"canonical":"https:\/\/www.hotelroyalstresa.com\/fr\/activites\/","og_locale":"fr_FR","og_type":"article","og_title":"Que faire \u00e0 Stresa ? Que visiter sur la Lac Majeur ?","og_description":"Situ\u00e9e dans un environnement calme, dans le cadre splendide du Lac Majeur, Stresa est la localit\u00e9 id\u00e9ale pour explorer les merveilles de notre territoire et vivre toutes les opportunit\u00e9s d\u2019\u00e9vasion aussi bien sportive que culturelle.","og_url":"https:\/\/www.hotelroyalstresa.com\/fr\/activites\/","og_site_name":"Hotel Royal Stresa","article_publisher":"https:\/\/www.facebook.com\/hotelroyalstresa","article_modified_time":"2023-04-17T13:22:53+00:00","twitter_card":"summary_large_image","twitter_misc":{"Dur\u00e9e de lecture estim\u00e9e":"3 minutes"},"schema":{"@context":"https:\/\/schema.org","@graph":[{"@type":"WebPage","@id":"https:\/\/www.hotelroyalstresa.com\/fr\/activites\/","url":"https:\/\/www.hotelroyalstresa.com\/fr\/activites\/","name":"Que faire \u00e0 Stresa ? Que visiter sur la Lac Majeur ?","isPartOf":{"@id":"https:\/\/www.hotelroyalstresa.com\/fr\/#website"},"datePublished":"2020-04-01T08:05:27+00:00","dateModified":"2023-04-17T13:22:53+00:00","description":"Situ\u00e9e dans un environnement calme, dans le cadre splendide du Lac Majeur, Stresa est la localit\u00e9 id\u00e9ale pour explorer les merveilles de notre territoire et vivre toutes les opportunit\u00e9s d\u2019\u00e9vasion aussi bien sportive que culturelle.","breadcrumb":{"@id":"https:\/\/www.hotelroyalstresa.com\/fr\/activites\/#breadcrumb"},"inLanguage":"fr-FR","potentialAction":[{"@type":"ReadAction","target":["https:\/\/www.hotelroyalstresa.com\/fr\/activites\/"]}]},{"@type":"BreadcrumbList","@id":"https:\/\/www.hotelroyalstresa.com\/fr\/activites\/#breadcrumb","itemListElement":[{"@type":"ListItem","position":1,"name":"Home","item":"https:\/\/www.hotelroyalstresa.com\/fr\/"},{"@type":"ListItem","position":2,"name":"Activit\u00e9s"}]},{"@type":"WebSite","@id":"https:\/\/www.hotelroyalstresa.com\/fr\/#website","url":"https:\/\/www.hotelroyalstresa.com\/fr\/","name":"Hotel Royal Stresa","description":"","publisher":{"@id":"https:\/\/www.hotelroyalstresa.com\/fr\/#organization"},"potentialAction":[{"@type":"SearchAction","target":{"@type":"EntryPoint","urlTemplate":"https:\/\/www.hotelroyalstresa.com\/fr\/?s={search_term_string}"},"query-input":{"@type":"PropertyValueSpecification","valueRequired":true,"valueName":"search_term_string"}}],"inLanguage":"fr-FR"},{"@type":"Organization","@id":"https:\/\/www.hotelroyalstresa.com\/fr\/#organization","name":"Hotel Royal Stresa","url":"https:\/\/www.hotelroyalstresa.com\/fr\/","logo":{"@type":"ImageObject","inLanguage":"fr-FR","@id":"https:\/\/www.hotelroyalstresa.com\/fr\/#\/schema\/logo\/image\/","url":"https:\/\/www.hotelroyalstresa.com\/wp-content\/uploads\/2023\/03\/logo-royal-2022-orizzontale.png","contentUrl":"https:\/\/www.hotelroyalstresa.com\/wp-content\/uploads\/2023\/03\/logo-royal-2022-orizzontale.png","width":1536,"height":213,"caption":"Hotel Royal Stresa"},"image":{"@id":"https:\/\/www.hotelroyalstresa.com\/fr\/#\/schema\/logo\/image\/"},"sameAs":["https:\/\/www.facebook.com\/hotelroyalstresa","https:\/\/www.instagram.com\/hotelroyalstresa\/"]}]}},"_links":{"self":[{"href":"https:\/\/www.hotelroyalstresa.com\/fr\/wp-json\/wp\/v2\/pages\/6877","targetHints":{"allow":["GET"]}}],"collection":[{"href":"https:\/\/www.hotelroyalstresa.com\/fr\/wp-json\/wp\/v2\/pages"}],"about":[{"href":"https:\/\/www.hotelroyalstresa.com\/fr\/wp-json\/wp\/v2\/types\/page"}],"author":[{"embeddable":true,"href":"https:\/\/www.hotelroyalstresa.com\/fr\/wp-json\/wp\/v2\/users\/1"}],"replies":[{"embeddable":true,"href":"https:\/\/www.hotelroyalstresa.com\/fr\/wp-json\/wp\/v2\/comments?post=6877"}],"version-history":[{"count":15,"href":"https:\/\/www.hotelroyalstresa.com\/fr\/wp-json\/wp\/v2\/pages\/6877\/revisions"}],"predecessor-version":[{"id":7891,"href":"https:\/\/www.hotelroyalstresa.com\/fr\/wp-json\/wp\/v2\/pages\/6877\/revisions\/7891"}],"wp:attachment":[{"href":"https:\/\/www.hotelroyalstresa.com\/fr\/wp-json\/wp\/v2\/media?parent=6877"}],"curies":[{"name":"wp","href":"https:\/\/api.w.org\/{rel}","templated":true}]}}