{"id":6910,"date":"2022-05-31T12:56:45","date_gmt":"2022-05-31T10:56:45","guid":{"rendered":"https:\/\/www.hotelroyalstresa.com\/lavora-con-noi\/"},"modified":"2023-04-05T16:44:23","modified_gmt":"2023-04-05T14:44:23","slug":"arbeite-mit-uns","status":"publish","type":"page","link":"https:\/\/www.hotelroyalstresa.com\/de\/arbeite-mit-uns\/","title":{"rendered":"Arbeite mit uns"},"content":{"rendered":"\t\t<div data-elementor-type=\"wp-page\" data-elementor-id=\"6910\" class=\"elementor elementor-6910 elementor-5501\">\n\t\t\t\t\t\t<section class=\"elementor-section elementor-top-section elementor-element elementor-element-c9042e3 elementor-section-full_width qodef-elementor-content-grid elementor-section-height-default elementor-section-height-default\" data-id=\"c9042e3\" data-element_type=\"section\" data-e-type=\"section\">\n\t\t\t\t\t\t<div class=\"elementor-container elementor-column-gap-no\">\n\t\t\t\t\t<div class=\"elementor-column elementor-col-100 elementor-top-column elementor-element elementor-element-7ca5e6f\" data-id=\"7ca5e6f\" data-element_type=\"column\" data-e-type=\"column\">\n\t\t\t<div class=\"elementor-widget-wrap elementor-element-populated\">\n\t\t\t\t\t\t<div class=\"elementor-element elementor-element-f52185c elementor-widget elementor-widget-text-editor\" data-id=\"f52185c\" data-element_type=\"widget\" data-e-type=\"widget\" data-widget_type=\"text-editor.default\">\n\t\t\t\t<div class=\"elementor-widget-container\">\n\t\t\t\t\t\t\t\t\t<h2>Schicke uns Deine Bewerbung<\/h2>\t\t\t\t\t\t\t\t<\/div>\n\t\t\t\t<\/div>\n\t\t\t\t<div class=\"elementor-element elementor-element-f340d5e elementor-widget elementor-widget-text-editor\" data-id=\"f340d5e\" data-element_type=\"widget\" data-e-type=\"widget\" data-widget_type=\"text-editor.default\">\n\t\t\t\t<div class=\"elementor-widget-container\">\n\t\t\t\t\t\t\t\t\t<p>M\u00f6chtest Du Teil unseres Teams werden?<\/p><p>Wir werden Deine Bewerbung sobald wie m\u00f6glich pr\u00fcfen und, falls eine offene Stelle Deinem Profil entsprechend vorhanden sein sollte, Dich kontaktieren.<\/p>\t\t\t\t\t\t\t\t<\/div>\n\t\t\t\t<\/div>\n\t\t\t\t<div class=\"elementor-element elementor-element-694fb05 elementor-widget elementor-widget-wp-widget-alloggio_core_contact_form_7\" data-id=\"694fb05\" data-element_type=\"widget\" data-e-type=\"widget\" data-widget_type=\"wp-widget-alloggio_core_contact_form_7.default\">\n\t\t\t\t<div class=\"elementor-widget-container\">\n\t\t\t\t\t\t\t\t<div class=\"qodef-contact-form-7\">\n\t\t\t\t\n<div class=\"wpcf7 no-js\" id=\"wpcf7-f6869-o1\" lang=\"de-DE\" dir=\"ltr\" data-wpcf7-id=\"6869\">\n<div class=\"screen-reader-response\"><p role=\"status\" aria-live=\"polite\" aria-atomic=\"true\"><\/p> <ul><\/ul><\/div>\n<form action=\"\/de\/wp-json\/wp\/v2\/pages\/6910#wpcf7-f6869-o1\" method=\"post\" class=\"wpcf7-form init\" aria-label=\"Kontaktformular\" enctype=\"multipart\/form-data\" novalidate=\"novalidate\" data-status=\"init\">\n<fieldset class=\"hidden-fields-container\"><input type=\"hidden\" name=\"_wpcf7\" value=\"6869\" \/><input type=\"hidden\" name=\"_wpcf7_version\" value=\"6.1.5\" \/><input type=\"hidden\" name=\"_wpcf7_locale\" value=\"de_DE\" \/><input type=\"hidden\" name=\"_wpcf7_unit_tag\" value=\"wpcf7-f6869-o1\" \/><input type=\"hidden\" name=\"_wpcf7_container_post\" value=\"0\" \/><input type=\"hidden\" name=\"_wpcf7_posted_data_hash\" value=\"\" \/><input type=\"hidden\" name=\"_wpcf7_recaptcha_response\" value=\"\" \/>\n<\/fieldset>\n<div class=\"qodef-grid qodef-responsive--custom qodef-gutter--normal qodef-col-num--768--1 qodef-col-num--680--1 qodef-col-num--480--1 qodef-layout--columns qodef-col-num--2\">\n<div class=\"qodef-grid-inner\"> \n<div class=\"qodef-grid-item\"><span class=\"wpcf7-form-control-wrap\" data-name=\"nome\"><input size=\"40\" maxlength=\"400\" class=\"wpcf7-form-control wpcf7-text wpcf7-validates-as-required\" aria-required=\"true\" aria-invalid=\"false\" placeholder=\"Name*\" value=\"\" type=\"text\" name=\"nome\" \/><\/span><\/div>\n<div class=\"qodef-grid-item\"><span class=\"wpcf7-form-control-wrap\" data-name=\"cognome\"><input size=\"40\" maxlength=\"400\" class=\"wpcf7-form-control wpcf7-text wpcf7-validates-as-required\" aria-required=\"true\" aria-invalid=\"false\" placeholder=\"Vorname*\" value=\"\" type=\"text\" name=\"cognome\" \/><\/span><\/div>\n<\/div>\n<\/div>\n\n<div class=\"qodef-grid qodef-responsive--custom qodef-gutter--normal qodef-col-num--768--1 qodef-col-num--680--1 qodef-col-num--480--1 qodef-layout--columns qodef-col-num--2\">\n<div class=\"qodef-grid-inner\"> \n<div class=\"qodef-grid-item\"><span class=\"wpcf7-form-control-wrap\" data-name=\"email\"><input size=\"40\" maxlength=\"400\" class=\"wpcf7-form-control wpcf7-email wpcf7-validates-as-required wpcf7-text wpcf7-validates-as-email\" aria-required=\"true\" aria-invalid=\"false\" placeholder=\"Email*\" value=\"\" type=\"email\" name=\"email\" \/><\/span><\/div>\n<div class=\"qodef-grid-item\"><span class=\"wpcf7-form-control-wrap\" data-name=\"telefono\"><input size=\"40\" maxlength=\"400\" class=\"wpcf7-form-control wpcf7-tel wpcf7-validates-as-required wpcf7-text wpcf7-validates-as-tel\" aria-required=\"true\" aria-invalid=\"false\" placeholder=\"Telefon*\" value=\"\" type=\"tel\" name=\"telefono\" \/><\/span><\/div>\n<\/div>\n<\/div>\n\n<div class=\"qodef-grid qodef-gutter--normal\">\n<div class=\"qodef-grid-inner\">\n<div class=\"qodef-grid-item\">\n<span class=\"wpcf7-form-control-wrap\" data-name=\"presentazione\"><textarea cols=\"40\" rows=\"6\" maxlength=\"2000\" class=\"wpcf7-form-control wpcf7-textarea\" aria-invalid=\"false\" placeholder=\"Ihre Nachricht\" name=\"presentazione\"><\/textarea><\/span>\n<\/div>\n<\/div>\n<\/div>\n\n<div class=\"qodef-grid qodef-gutter--normal\">\n<div class=\"qodef-grid-inner\">\n<div class=\"qodef-grid-item\">\nF\u00fcgen Sie Ihren Lebenslauf bei (pdf,doc,docx o txt) - maximale Gr\u00f6\u00dfe 1,5 Mb\n<span class=\"wpcf7-form-control-wrap\" data-name=\"file-cv\"><input size=\"40\" class=\"wpcf7-form-control wpcf7-file\" accept=\".pdf,.doc,.docx,.txt\" aria-invalid=\"false\" type=\"file\" name=\"file-cv\" \/><\/span>\n<\/div>\n<\/div>\n<\/div>\n<div class=\"qodef-grid qodef-gutter--normal\">\n<div class=\"qodef-grid-inner\">\n<div class=\"qodef-grid-item\">\n<span class=\"wpcf7-form-control-wrap\" data-name=\"privacy\"><span class=\"wpcf7-form-control wpcf7-acceptance\"><span class=\"wpcf7-list-item\"><label><input type=\"checkbox\" name=\"privacy\" value=\"1\" aria-invalid=\"false\" \/><span class=\"wpcf7-list-item-label\">Hiermit best\u00e4tige ich, dass ich mit der geltenden europ\u00e4ischen Gesetzgebung (EU-Verordnung 2016\/679) sowie mit der italienischen Gesetzgebung (Gesetzesdekret Nr. 196\/2003 und den nachfolgenden \u00c4nderungen) vertraut bin und dass ich die <a href=\"\/privacy-policy.pdf\" target=\"_blank\"> Datenschutzrichtlinie<\/a> akzeptiere.<\/span><\/label><\/span><\/span><\/span>\n<\/div>\n<\/div>\n<\/div>\n<button class=\"wpcf7-form-control wpcf7-submit qodef-button qodef-size--normal qodef-type--outlined qodef-m\" type=\"submit\"><span class=\"qodef-m-text\">Senden<\/span><\/button><div class=\"wpcf7-response-output\" aria-hidden=\"true\"><\/div>\n<\/form>\n<\/div>\n\t\t\t<\/div>\n\t\t\t\t\t\t\t<\/div>\n\t\t\t\t<\/div>\n\t\t\t\t\t<\/div>\n\t\t<\/div>\n\t\t\t\t\t<\/div>\n\t\t<\/section>\n\t\t\t\t<section class=\"elementor-section elementor-top-section elementor-element elementor-element-04cb336 elementor-section-stretched elementor-section-boxed elementor-section-height-default elementor-section-height-default qodef-elementor-content-no\" data-id=\"04cb336\" data-element_type=\"section\" data-e-type=\"section\" data-settings=\"{&quot;stretch_section&quot;:&quot;section-stretched&quot;,&quot;background_background&quot;:&quot;classic&quot;}\">\n\t\t\t\t\t\t<div class=\"elementor-container elementor-column-gap-no\">\n\t\t\t\t\t<div class=\"elementor-column elementor-col-100 elementor-top-column elementor-element elementor-element-3b70905\" data-id=\"3b70905\" data-element_type=\"column\" data-e-type=\"column\" data-settings=\"{&quot;background_background&quot;:&quot;classic&quot;}\">\n\t\t\t<div class=\"elementor-widget-wrap elementor-element-populated\">\n\t\t\t\t\t\t<div class=\"elementor-element elementor-element-fb73580 elementor-widget elementor-widget-qi_addons_for_elementor_call_to_action\" data-id=\"fb73580\" data-element_type=\"widget\" data-e-type=\"widget\" data-widget_type=\"qi_addons_for_elementor_call_to_action.default\">\n\t\t\t\t<div class=\"elementor-widget-container\">\n\t\t\t\t\t<div class=\"qodef-shortcode qodef-m qodef-qi-call-to-action qodef-layout--standard qodef-button-below--768\">\n\t<div class=\"qodef-m-inner\">\n\t\t<div class=\"qodef-m-content\">\n\t\t\t<h5 class=\"qodef-m-title\">\n\t\t\tBuchen Sie Ihren Aufenthalt\t\t<\/h5>\n\t\t<\/div>\n\t\t\t<div class=\"qodef-m-button\">\n\t\t<a class=\"qodef-shortcode qodef-m qodef-qi-button qodef-html--link qodef-layout--filled qodef-type--standard qodef-size--small qodef-icon--left qodef-hover--icon-move-horizontal-short\" href=\"https:\/\/booking.ericsoft.com\/BookingEngine\/Book?idh=F1BE1223F57FD70C\" target=\"_blank\" rel=\"nofollow\">\t<span class=\"qodef-m-text\">ONLINE BUCHEN<\/span>\t\t<span class=\"qodef-m-icon\">\t\t<span class=\"qodef-m-icon-inner\">\t\t\t<i aria-hidden=\"true\" class=\"far fa-calendar-alt\"><\/i>\t\t\t\t\t<\/span>\t<\/span><\/a>\t<\/div>\n\t\t\t<\/div>\n<\/div>\n\t\t\t\t<\/div>\n\t\t\t\t<\/div>\n\t\t\t\t\t<\/div>\n\t\t<\/div>\n\t\t\t\t\t<\/div>\n\t\t<\/section>\n\t\t\t\t<\/div>\n\t\t","protected":false},"excerpt":{"rendered":"<p>Schicke uns Deine Bewerbung M\u00f6chtest Du Teil unseres Teams werden? Wir werden Deine Bewerbung sobald wie m\u00f6glich pr\u00fcfen und, falls eine offene Stelle Deinem Profil entsprechend vorhanden sein sollte, Dich kontaktieren. Buchen Sie Ihren Aufenthalt ONLINE BUCHEN<\/p>\n","protected":false},"author":1,"featured_media":0,"parent":0,"menu_order":0,"comment_status":"closed","ping_status":"closed","template":"page-full-width.php","meta":{"footnotes":""},"class_list":["post-6910","page","type-page","status-publish","hentry"],"yoast_head":"<!-- This site is optimized with the Yoast SEO plugin v27.4 - https:\/\/yoast.com\/product\/yoast-seo-wordpress\/ -->\n<title>Werde Teil des motivierten Teams von Hotel Royal<\/title>\n<meta name=\"description\" content=\"M\u00f6chtest Du Teil unseres motivierten Teams werden? Schicke uns Deine Bewerbung und wir werden Dich bei Verf\u00fcgbarkeit einer offenen Stelle kontaktieren.\" \/>\n<meta name=\"robots\" content=\"index, follow, max-snippet:-1, max-image-preview:large, max-video-preview:-1\" \/>\n<link rel=\"canonical\" href=\"https:\/\/www.hotelroyalstresa.com\/de\/arbeite-mit-uns\/\" \/>\n<meta property=\"og:locale\" content=\"de_DE\" \/>\n<meta property=\"og:type\" content=\"article\" \/>\n<meta property=\"og:title\" content=\"Werde Teil des motivierten Teams von Hotel Royal\" \/>\n<meta property=\"og:description\" content=\"M\u00f6chtest Du Teil unseres motivierten Teams werden? Schicke uns Deine Bewerbung und wir werden Dich bei Verf\u00fcgbarkeit einer offenen Stelle kontaktieren.\" \/>\n<meta property=\"og:url\" content=\"https:\/\/www.hotelroyalstresa.com\/de\/arbeite-mit-uns\/\" \/>\n<meta property=\"og:site_name\" content=\"Hotel Royal Stresa\" \/>\n<meta property=\"article:publisher\" content=\"https:\/\/www.facebook.com\/hotelroyalstresa\" \/>\n<meta property=\"article:modified_time\" content=\"2023-04-05T14:44:23+00:00\" \/>\n<meta name=\"twitter:card\" content=\"summary_large_image\" \/>\n<meta name=\"twitter:label1\" content=\"Gesch\u00e4tzte Lesezeit\" \/>\n\t<meta name=\"twitter:data1\" content=\"1\u00a0Minute\" \/>\n<script type=\"application\/ld+json\" class=\"yoast-schema-graph\">{\"@context\":\"https:\\\/\\\/schema.org\",\"@graph\":[{\"@type\":\"WebPage\",\"@id\":\"https:\\\/\\\/www.hotelroyalstresa.com\\\/de\\\/arbeite-mit-uns\\\/\",\"url\":\"https:\\\/\\\/www.hotelroyalstresa.com\\\/de\\\/arbeite-mit-uns\\\/\",\"name\":\"Werde Teil des motivierten Teams von Hotel Royal\",\"isPartOf\":{\"@id\":\"https:\\\/\\\/www.hotelroyalstresa.com\\\/de\\\/#website\"},\"datePublished\":\"2022-05-31T10:56:45+00:00\",\"dateModified\":\"2023-04-05T14:44:23+00:00\",\"description\":\"M\u00f6chtest Du Teil unseres motivierten Teams werden? Schicke uns Deine Bewerbung und wir werden Dich bei Verf\u00fcgbarkeit einer offenen Stelle kontaktieren.\",\"breadcrumb\":{\"@id\":\"https:\\\/\\\/www.hotelroyalstresa.com\\\/de\\\/arbeite-mit-uns\\\/#breadcrumb\"},\"inLanguage\":\"de\",\"potentialAction\":[{\"@type\":\"ReadAction\",\"target\":[\"https:\\\/\\\/www.hotelroyalstresa.com\\\/de\\\/arbeite-mit-uns\\\/\"]}]},{\"@type\":\"BreadcrumbList\",\"@id\":\"https:\\\/\\\/www.hotelroyalstresa.com\\\/de\\\/arbeite-mit-uns\\\/#breadcrumb\",\"itemListElement\":[{\"@type\":\"ListItem\",\"position\":1,\"name\":\"Home\",\"item\":\"https:\\\/\\\/www.hotelroyalstresa.com\\\/de\\\/\"},{\"@type\":\"ListItem\",\"position\":2,\"name\":\"Arbeite mit uns\"}]},{\"@type\":\"WebSite\",\"@id\":\"https:\\\/\\\/www.hotelroyalstresa.com\\\/de\\\/#website\",\"url\":\"https:\\\/\\\/www.hotelroyalstresa.com\\\/de\\\/\",\"name\":\"Hotel Royal Stresa\",\"description\":\"\",\"publisher\":{\"@id\":\"https:\\\/\\\/www.hotelroyalstresa.com\\\/de\\\/#organization\"},\"potentialAction\":[{\"@type\":\"SearchAction\",\"target\":{\"@type\":\"EntryPoint\",\"urlTemplate\":\"https:\\\/\\\/www.hotelroyalstresa.com\\\/de\\\/?s={search_term_string}\"},\"query-input\":{\"@type\":\"PropertyValueSpecification\",\"valueRequired\":true,\"valueName\":\"search_term_string\"}}],\"inLanguage\":\"de\"},{\"@type\":\"Organization\",\"@id\":\"https:\\\/\\\/www.hotelroyalstresa.com\\\/de\\\/#organization\",\"name\":\"Hotel Royal Stresa\",\"url\":\"https:\\\/\\\/www.hotelroyalstresa.com\\\/de\\\/\",\"logo\":{\"@type\":\"ImageObject\",\"inLanguage\":\"de\",\"@id\":\"https:\\\/\\\/www.hotelroyalstresa.com\\\/de\\\/#\\\/schema\\\/logo\\\/image\\\/\",\"url\":\"https:\\\/\\\/www.hotelroyalstresa.com\\\/wp-content\\\/uploads\\\/2023\\\/03\\\/logo-royal-2022-orizzontale.png\",\"contentUrl\":\"https:\\\/\\\/www.hotelroyalstresa.com\\\/wp-content\\\/uploads\\\/2023\\\/03\\\/logo-royal-2022-orizzontale.png\",\"width\":1536,\"height\":213,\"caption\":\"Hotel Royal Stresa\"},\"image\":{\"@id\":\"https:\\\/\\\/www.hotelroyalstresa.com\\\/de\\\/#\\\/schema\\\/logo\\\/image\\\/\"},\"sameAs\":[\"https:\\\/\\\/www.facebook.com\\\/hotelroyalstresa\",\"https:\\\/\\\/www.instagram.com\\\/hotelroyalstresa\\\/\"]}]}<\/script>\n<!-- \/ Yoast SEO plugin. -->","yoast_head_json":{"title":"Werde Teil des motivierten Teams von Hotel Royal","description":"M\u00f6chtest Du Teil unseres motivierten Teams werden? Schicke uns Deine Bewerbung und wir werden Dich bei Verf\u00fcgbarkeit einer offenen Stelle kontaktieren.","robots":{"index":"index","follow":"follow","max-snippet":"max-snippet:-1","max-image-preview":"max-image-preview:large","max-video-preview":"max-video-preview:-1"},"canonical":"https:\/\/www.hotelroyalstresa.com\/de\/arbeite-mit-uns\/","og_locale":"de_DE","og_type":"article","og_title":"Werde Teil des motivierten Teams von Hotel Royal","og_description":"M\u00f6chtest Du Teil unseres motivierten Teams werden? Schicke uns Deine Bewerbung und wir werden Dich bei Verf\u00fcgbarkeit einer offenen Stelle kontaktieren.","og_url":"https:\/\/www.hotelroyalstresa.com\/de\/arbeite-mit-uns\/","og_site_name":"Hotel Royal Stresa","article_publisher":"https:\/\/www.facebook.com\/hotelroyalstresa","article_modified_time":"2023-04-05T14:44:23+00:00","twitter_card":"summary_large_image","twitter_misc":{"Gesch\u00e4tzte Lesezeit":"1\u00a0Minute"},"schema":{"@context":"https:\/\/schema.org","@graph":[{"@type":"WebPage","@id":"https:\/\/www.hotelroyalstresa.com\/de\/arbeite-mit-uns\/","url":"https:\/\/www.hotelroyalstresa.com\/de\/arbeite-mit-uns\/","name":"Werde Teil des motivierten Teams von Hotel Royal","isPartOf":{"@id":"https:\/\/www.hotelroyalstresa.com\/de\/#website"},"datePublished":"2022-05-31T10:56:45+00:00","dateModified":"2023-04-05T14:44:23+00:00","description":"M\u00f6chtest Du Teil unseres motivierten Teams werden? Schicke uns Deine Bewerbung und wir werden Dich bei Verf\u00fcgbarkeit einer offenen Stelle kontaktieren.","breadcrumb":{"@id":"https:\/\/www.hotelroyalstresa.com\/de\/arbeite-mit-uns\/#breadcrumb"},"inLanguage":"de","potentialAction":[{"@type":"ReadAction","target":["https:\/\/www.hotelroyalstresa.com\/de\/arbeite-mit-uns\/"]}]},{"@type":"BreadcrumbList","@id":"https:\/\/www.hotelroyalstresa.com\/de\/arbeite-mit-uns\/#breadcrumb","itemListElement":[{"@type":"ListItem","position":1,"name":"Home","item":"https:\/\/www.hotelroyalstresa.com\/de\/"},{"@type":"ListItem","position":2,"name":"Arbeite mit uns"}]},{"@type":"WebSite","@id":"https:\/\/www.hotelroyalstresa.com\/de\/#website","url":"https:\/\/www.hotelroyalstresa.com\/de\/","name":"Hotel Royal Stresa","description":"","publisher":{"@id":"https:\/\/www.hotelroyalstresa.com\/de\/#organization"},"potentialAction":[{"@type":"SearchAction","target":{"@type":"EntryPoint","urlTemplate":"https:\/\/www.hotelroyalstresa.com\/de\/?s={search_term_string}"},"query-input":{"@type":"PropertyValueSpecification","valueRequired":true,"valueName":"search_term_string"}}],"inLanguage":"de"},{"@type":"Organization","@id":"https:\/\/www.hotelroyalstresa.com\/de\/#organization","name":"Hotel Royal Stresa","url":"https:\/\/www.hotelroyalstresa.com\/de\/","logo":{"@type":"ImageObject","inLanguage":"de","@id":"https:\/\/www.hotelroyalstresa.com\/de\/#\/schema\/logo\/image\/","url":"https:\/\/www.hotelroyalstresa.com\/wp-content\/uploads\/2023\/03\/logo-royal-2022-orizzontale.png","contentUrl":"https:\/\/www.hotelroyalstresa.com\/wp-content\/uploads\/2023\/03\/logo-royal-2022-orizzontale.png","width":1536,"height":213,"caption":"Hotel Royal Stresa"},"image":{"@id":"https:\/\/www.hotelroyalstresa.com\/de\/#\/schema\/logo\/image\/"},"sameAs":["https:\/\/www.facebook.com\/hotelroyalstresa","https:\/\/www.instagram.com\/hotelroyalstresa\/"]}]}},"_links":{"self":[{"href":"https:\/\/www.hotelroyalstresa.com\/de\/wp-json\/wp\/v2\/pages\/6910","targetHints":{"allow":["GET"]}}],"collection":[{"href":"https:\/\/www.hotelroyalstresa.com\/de\/wp-json\/wp\/v2\/pages"}],"about":[{"href":"https:\/\/www.hotelroyalstresa.com\/de\/wp-json\/wp\/v2\/types\/page"}],"author":[{"embeddable":true,"href":"https:\/\/www.hotelroyalstresa.com\/de\/wp-json\/wp\/v2\/users\/1"}],"replies":[{"embeddable":true,"href":"https:\/\/www.hotelroyalstresa.com\/de\/wp-json\/wp\/v2\/comments?post=6910"}],"version-history":[{"count":7,"href":"https:\/\/www.hotelroyalstresa.com\/de\/wp-json\/wp\/v2\/pages\/6910\/revisions"}],"predecessor-version":[{"id":7717,"href":"https:\/\/www.hotelroyalstresa.com\/de\/wp-json\/wp\/v2\/pages\/6910\/revisions\/7717"}],"wp:attachment":[{"href":"https:\/\/www.hotelroyalstresa.com\/de\/wp-json\/wp\/v2\/media?parent=6910"}],"curies":[{"name":"wp","href":"https:\/\/api.w.org\/{rel}","templated":true}]}}