{"id":6878,"date":"2020-04-01T10:05:27","date_gmt":"2020-04-01T08:05:27","guid":{"rendered":"https:\/\/www.hotelroyalstresa.com\/attivita\/"},"modified":"2023-04-05T16:12:30","modified_gmt":"2023-04-05T14:12:30","slug":"aktivitaeten","status":"publish","type":"page","link":"https:\/\/www.hotelroyalstresa.com\/de\/aktivitaeten\/","title":{"rendered":"Aktivit\u00e4ten"},"content":{"rendered":"\t\t<div data-elementor-type=\"wp-page\" data-elementor-id=\"6878\" class=\"elementor elementor-6878 elementor-2712\">\n\t\t\t\t\t\t<section class=\"elementor-section elementor-top-section elementor-element elementor-element-89d494d elementor-section-full_width qodef-elementor-content-grid elementor-section-height-default elementor-section-height-default\" data-id=\"89d494d\" data-element_type=\"section\" data-e-type=\"section\">\n\t\t\t\t\t\t<div class=\"elementor-container elementor-column-gap-no\">\n\t\t\t\t\t<div class=\"elementor-column elementor-col-33 elementor-top-column elementor-element elementor-element-8b609be\" data-id=\"8b609be\" data-element_type=\"column\" data-e-type=\"column\">\n\t\t\t<div class=\"elementor-widget-wrap elementor-element-populated\">\n\t\t\t\t\t\t<div class=\"elementor-element elementor-element-fd35d10 elementor-widget elementor-widget-heading\" data-id=\"fd35d10\" data-element_type=\"widget\" data-e-type=\"widget\" data-widget_type=\"heading.default\">\n\t\t\t\t<div class=\"elementor-widget-container\">\n\t\t\t\t\t<h2 class=\"elementor-heading-title elementor-size-default\">Aktivit\u00e4ten und Sehenswertes in der Umgebung<\/h2>\t\t\t\t<\/div>\n\t\t\t\t<\/div>\n\t\t\t\t\t<\/div>\n\t\t<\/div>\n\t\t\t\t<div class=\"elementor-column elementor-col-66 elementor-top-column elementor-element elementor-element-f0df83e\" data-id=\"f0df83e\" data-element_type=\"column\" data-e-type=\"column\">\n\t\t\t<div class=\"elementor-widget-wrap elementor-element-populated\">\n\t\t\t\t\t\t<div class=\"elementor-element elementor-element-97be75b elementor-widget elementor-widget-text-editor\" data-id=\"97be75b\" data-element_type=\"widget\" data-e-type=\"widget\" data-widget_type=\"text-editor.default\">\n\t\t\t\t<div class=\"elementor-widget-container\">\n\t\t\t\t\t\t\t\t\t<p>Ausgerechnet im Herzen Europas, an einer der Pforten zu Italien, hat die Natur eine Oase geschaffen, in der sich ihre Sch\u00e4tze konzentrieren. Hier, s\u00fcdlich der Alpen, \u00e4ndert sich das Licht, die Berge spiegeln sich in den Gew\u00e4ssern der Seen, ein mildes Klima l\u00e4sst exotische Pflanzen gedeihen, man atmet s\u00fcdl\u00e4ndische Luft und die Seele wird leichter.\u00a0\u00a0\u00a0<\/p><p>Dem Lago Maggiore, dem zweitgr\u00f6\u00dften See Italiens, wohnt wegen der Verm\u00e4hlung starker Gegens\u00e4tze ein ganz besonderes Geheimnis inne. Seine blauen Gew\u00e4sser und seine mediterrane Vegetation sind schlie\u00dflich von einigen der h\u00f6chsten Gebirgen Europas umgeben.<\/p><p>Der Langensee, wie er im Deutschen genannt wird, verbindet die hohen Alpen mit der flachen Po-Ebene. Sein schmales Profil zeichnet eine S und \u00f6ffnet sich einzig im Borrom\u00e4ischen Golf, ungef\u00e4hr in seiner Mitte, um ein Archipel von f\u00fcnf Inseln zu umschlie\u00dfen.\u00a0<\/p><p>Von der Sonne gek\u00fcsst und von den Winden gesch\u00fctzt, sind diese Inseln ein wahres Paradies auf Erden, das nur darauf wartet, auch von Ihnen entdeckt zu werden&#8230; \u00a0<\/p>\t\t\t\t\t\t\t\t<\/div>\n\t\t\t\t<\/div>\n\t\t\t\t<div class=\"elementor-element elementor-element-f9e1eed elementor-widget elementor-widget-heading\" data-id=\"f9e1eed\" data-element_type=\"widget\" data-e-type=\"widget\" data-widget_type=\"heading.default\">\n\t\t\t\t<div class=\"elementor-widget-container\">\n\t\t\t\t\t<h4 class=\"elementor-heading-title elementor-size-default\">Was kann man in Stresa und der Umgebung unternehmen? Welche Sehensw\u00fcrdigkeiten d\u00fcrfen Sie auf keinen Fall verpassen?<\/h4>\t\t\t\t<\/div>\n\t\t\t\t<\/div>\n\t\t\t\t<div class=\"elementor-element elementor-element-36ee13e elementor-widget elementor-widget-text-editor\" data-id=\"36ee13e\" data-element_type=\"widget\" data-e-type=\"widget\" data-widget_type=\"text-editor.default\">\n\t\t\t\t<div class=\"elementor-widget-container\">\n\t\t\t\t\t\t\t\t\t<p>Das Hotel Royal in Stresa, Ihr charmantes Urlaubsnest am Lago Maggiore, bietet Ihnen einen Aufenthalt im Zeichen von Entspannung pur, ohne die zahlreichen Sportm\u00f6glichkeiten (Golf, Schwimmen, Tennis, Reiten, Trekking, Mountain Biking u.v.m.) und kulturellen Aktivit\u00e4ten (Borrom\u00e4ische Inseln, Botanische G\u00e4rten, Musik-Wochen von Stresa, Kongresse und Tagungen, usw.) in unserer Gegend zu vernachl\u00e4ssigen.<\/p><p><em>Kunst- und Naturbesichtigungen, kulturelle Veranstaltungen, Sport in der freien Natur, gut essen gehen oder einfach sich zur\u00fccklehnen und entspannen \u2013 wir beraten Sie gerne, damit Sie den Urlaub Ihrer Tr\u00e4ume verbringen.\u00a0<\/em><\/p>\t\t\t\t\t\t\t\t<\/div>\n\t\t\t\t<\/div>\n\t\t\t\t\t<\/div>\n\t\t<\/div>\n\t\t\t\t\t<\/div>\n\t\t<\/section>\n\t\t\t\t<section class=\"elementor-section elementor-top-section elementor-element elementor-element-a9bcd75 elementor-section-full_width qodef-elementor-content-grid elementor-hidden-desktop elementor-hidden-tablet elementor-hidden-mobile elementor-section-height-default elementor-section-height-default\" data-id=\"a9bcd75\" data-element_type=\"section\" data-e-type=\"section\">\n\t\t\t\t\t\t<div class=\"elementor-container elementor-column-gap-no\">\n\t\t\t\t\t<div class=\"elementor-column elementor-col-33 elementor-top-column elementor-element elementor-element-36673cf\" data-id=\"36673cf\" data-element_type=\"column\" data-e-type=\"column\">\n\t\t\t<div class=\"elementor-widget-wrap elementor-element-populated\">\n\t\t\t\t\t\t<div class=\"elementor-element elementor-element-1770090 elementor-widget elementor-widget-alloggio_core_image_with_text\" data-id=\"1770090\" data-element_type=\"widget\" data-e-type=\"widget\" data-widget_type=\"alloggio_core_image_with_text.default\">\n\t\t\t\t<div class=\"elementor-widget-container\">\n\t\t\t\t\t<div class=\"qodef-shortcode qodef-m  qodef-image-with-text qodef-layout--text-below  \">\n\t<div class=\"qodef-m-image\">\n\t\t\t\t\t\t\t\t\t\t\t\t\t\t\t\t\t\t<\/div>\t<div class=\"qodef-m-content\">\n\t\t\t<h3 class=\"qodef-m-title\" style=\"margin-top: 20px\">\n\t\t\t\t\tRelax &amp; Benessere\t\t\t<\/h3>\n\t\t\t<p class=\"qodef-m-text\" style=\"margin-top: 13px\">Nullam a neque dignissim, venenatis lectus non, elementum augue. Donec in sapien quis ante convallis vestibulum. In accumsan erat sed fringilla euismod vulputate pharetra orci.<\/p>\n\t<\/div>\n<\/div>\t\t\t\t<\/div>\n\t\t\t\t<\/div>\n\t\t\t\t\t<\/div>\n\t\t<\/div>\n\t\t\t\t<div class=\"elementor-column elementor-col-33 elementor-top-column elementor-element elementor-element-7bb917f\" data-id=\"7bb917f\" data-element_type=\"column\" data-e-type=\"column\">\n\t\t\t<div class=\"elementor-widget-wrap elementor-element-populated\">\n\t\t\t\t\t\t<div class=\"elementor-element elementor-element-e82621a elementor-widget elementor-widget-alloggio_core_image_with_text\" data-id=\"e82621a\" data-element_type=\"widget\" data-e-type=\"widget\" data-widget_type=\"alloggio_core_image_with_text.default\">\n\t\t\t\t<div class=\"elementor-widget-container\">\n\t\t\t\t\t<div class=\"qodef-shortcode qodef-m  qodef-image-with-text qodef-layout--text-below  \">\n\t<div class=\"qodef-m-image\">\n\t\t\t\t\t\t\t\t\t\t\t\t\t\t\t\t\t\t<\/div>\t<div class=\"qodef-m-content\">\n\t\t\t<h3 class=\"qodef-m-title\" style=\"margin-top: 20px\">\n\t\t\t\t\tSport &amp; Fitness\t\t\t<\/h3>\n\t\t\t<p class=\"qodef-m-text\" >Nullam a neque dignissim, venenatis lectus non, elementum augue. Donec in sapien quis ante convallis vestibulum. In accumsan erat sed fringilla euismod vulputate pharetra orci.<\/p>\n\t<\/div>\n<\/div>\t\t\t\t<\/div>\n\t\t\t\t<\/div>\n\t\t\t\t\t<\/div>\n\t\t<\/div>\n\t\t\t\t<div class=\"elementor-column elementor-col-33 elementor-top-column elementor-element elementor-element-686c4c7\" data-id=\"686c4c7\" data-element_type=\"column\" data-e-type=\"column\">\n\t\t\t<div class=\"elementor-widget-wrap elementor-element-populated\">\n\t\t\t\t\t\t<div class=\"elementor-element elementor-element-6330fff elementor-widget elementor-widget-alloggio_core_image_with_text\" data-id=\"6330fff\" data-element_type=\"widget\" data-e-type=\"widget\" data-widget_type=\"alloggio_core_image_with_text.default\">\n\t\t\t\t<div class=\"elementor-widget-container\">\n\t\t\t\t\t<div class=\"qodef-shortcode qodef-m  qodef-image-with-text qodef-layout--text-below  \">\n\t<div class=\"qodef-m-image\">\n\t\t\t\t\t\t\t\t\t\t\t\t\t\t\t\t\t\t<\/div>\t<div class=\"qodef-m-content\">\n\t\t\t<h3 class=\"qodef-m-title\" style=\"margin-top: 20px\">\n\t\t\t\t\tEventi culturali\t\t\t<\/h3>\n\t\t\t<p class=\"qodef-m-text\" style=\"margin-top: 13px\">Nullam a neque dignissim, venenatis lectus non, elementum augue. Donec in sapien quis ante con vallis vestibulum. In accumsan erat sed fringilla euismod vulputate pharetra orci et. Suspendisse ipsum ac pulvinar nec ut urna.<\/p>\n\t<\/div>\n<\/div>\t\t\t\t<\/div>\n\t\t\t\t<\/div>\n\t\t\t\t\t<\/div>\n\t\t<\/div>\n\t\t\t\t\t<\/div>\n\t\t<\/section>\n\t\t\t\t<section class=\"elementor-section elementor-top-section elementor-element elementor-element-a0d2bba elementor-section-full_width qodef-elementor-content-grid elementor-hidden-desktop elementor-hidden-tablet elementor-hidden-mobile elementor-section-height-default elementor-section-height-default\" data-id=\"a0d2bba\" data-element_type=\"section\" data-e-type=\"section\">\n\t\t\t\t\t\t<div class=\"elementor-container elementor-column-gap-no\">\n\t\t\t\t\t<div class=\"elementor-column elementor-col-33 elementor-top-column elementor-element elementor-element-2fd5d8f\" data-id=\"2fd5d8f\" data-element_type=\"column\" data-e-type=\"column\">\n\t\t\t<div class=\"elementor-widget-wrap elementor-element-populated\">\n\t\t\t\t\t\t<div class=\"elementor-element elementor-element-d735bb5 elementor-widget elementor-widget-alloggio_core_image_with_text\" data-id=\"d735bb5\" data-element_type=\"widget\" data-e-type=\"widget\" data-widget_type=\"alloggio_core_image_with_text.default\">\n\t\t\t\t<div class=\"elementor-widget-container\">\n\t\t\t\t\t<div class=\"qodef-shortcode qodef-m  qodef-image-with-text qodef-layout--text-below  \">\n\t<div class=\"qodef-m-image\">\n\t\t\t\t\t\t\t\t\t\t\t\t\t\t\t\t\t\t<\/div>\t<div class=\"qodef-m-content\">\n\t\t\t<h3 class=\"qodef-m-title\" style=\"margin-top: 20px\">\n\t\t\t\t\tMercati Locali\t\t\t<\/h3>\n\t\t\t<p class=\"qodef-m-text\" >Nullam a neque dignissim, venenatis lectus non, elementum augue. Donec in sapien quis ante convallis vestibulum. In accumsan erat sed fringilla euismod vulputate pharetra orci.<\/p>\n\t<\/div>\n<\/div>\t\t\t\t<\/div>\n\t\t\t\t<\/div>\n\t\t\t\t\t<\/div>\n\t\t<\/div>\n\t\t\t\t<div class=\"elementor-column elementor-col-33 elementor-top-column elementor-element elementor-element-847cb54\" data-id=\"847cb54\" data-element_type=\"column\" data-e-type=\"column\">\n\t\t\t<div class=\"elementor-widget-wrap elementor-element-populated\">\n\t\t\t\t\t\t<div class=\"elementor-element elementor-element-6fe3cdf elementor-widget elementor-widget-alloggio_core_image_with_text\" data-id=\"6fe3cdf\" data-element_type=\"widget\" data-e-type=\"widget\" data-widget_type=\"alloggio_core_image_with_text.default\">\n\t\t\t\t<div class=\"elementor-widget-container\">\n\t\t\t\t\t<div class=\"qodef-shortcode qodef-m  qodef-image-with-text qodef-layout--text-below  \">\n\t<div class=\"qodef-m-image\">\n\t\t\t\t\t\t\t\t\t\t\t\t\t\t\t\t\t\t<\/div>\t<div class=\"qodef-m-content\">\n\t\t\t<h3 class=\"qodef-m-title\" style=\"margin-top: 20px\">\n\t\t\t\t\tTradizione culinaria\t\t\t<\/h3>\n\t\t\t<p class=\"qodef-m-text\" style=\"margin-top: 13px\">Nullam a neque dignissim, venenatis lectus non, elementum augue. Donec in sapien quis ante con vallis vestibulum. In accumsan erat sed fringilla euismod vulputate pharetra orci et. Suspendisse ipsum ac pulvinar nec ut urna.<\/p>\n\t<\/div>\n<\/div>\t\t\t\t<\/div>\n\t\t\t\t<\/div>\n\t\t\t\t\t<\/div>\n\t\t<\/div>\n\t\t\t\t<div class=\"elementor-column elementor-col-33 elementor-top-column elementor-element elementor-element-78f5052\" data-id=\"78f5052\" data-element_type=\"column\" data-e-type=\"column\">\n\t\t\t<div class=\"elementor-widget-wrap elementor-element-populated\">\n\t\t\t\t\t\t<div class=\"elementor-element elementor-element-81a2412 elementor-widget elementor-widget-alloggio_core_image_with_text\" data-id=\"81a2412\" data-element_type=\"widget\" data-e-type=\"widget\" data-widget_type=\"alloggio_core_image_with_text.default\">\n\t\t\t\t<div class=\"elementor-widget-container\">\n\t\t\t\t\t<div class=\"qodef-shortcode qodef-m  qodef-image-with-text qodef-layout--text-below  \">\n\t<div class=\"qodef-m-image\">\n\t\t\t\t\t\t\t\t\t\t\t\t\t\t\t\t\t\t<\/div>\t<div class=\"qodef-m-content\">\n\t\t\t<h3 class=\"qodef-m-title\" style=\"margin-top: 20px\">\n\t\t\t\t\tAttivit\u00e0 per bambini\t\t\t<\/h3>\n\t\t\t<p class=\"qodef-m-text\" style=\"margin-top: 13px\">Nullam a neque dignissim, venenatis lectus non, elementum augue. Donec in sapien quis ante convallis vestibulum. In accumsan erat sed fringilla euismod vulputate pharetra orci.<\/p>\n\t<\/div>\n<\/div>\t\t\t\t<\/div>\n\t\t\t\t<\/div>\n\t\t\t\t\t<\/div>\n\t\t<\/div>\n\t\t\t\t\t<\/div>\n\t\t<\/section>\n\t\t\t\t<section class=\"elementor-section elementor-top-section elementor-element elementor-element-5bdde1f elementor-section-stretched elementor-section-boxed elementor-section-height-default elementor-section-height-default qodef-elementor-content-no\" data-id=\"5bdde1f\" data-element_type=\"section\" data-e-type=\"section\" data-settings=\"{&quot;stretch_section&quot;:&quot;section-stretched&quot;,&quot;background_background&quot;:&quot;classic&quot;}\">\n\t\t\t\t\t\t<div class=\"elementor-container elementor-column-gap-no\">\n\t\t\t\t\t<div class=\"elementor-column elementor-col-100 elementor-top-column elementor-element elementor-element-8e9c508\" data-id=\"8e9c508\" data-element_type=\"column\" data-e-type=\"column\" data-settings=\"{&quot;background_background&quot;:&quot;classic&quot;}\">\n\t\t\t<div class=\"elementor-widget-wrap elementor-element-populated\">\n\t\t\t\t\t\t<div class=\"elementor-element elementor-element-15a1ac0 elementor-widget elementor-widget-qi_addons_for_elementor_call_to_action\" data-id=\"15a1ac0\" data-element_type=\"widget\" data-e-type=\"widget\" data-widget_type=\"qi_addons_for_elementor_call_to_action.default\">\n\t\t\t\t<div class=\"elementor-widget-container\">\n\t\t\t\t\t<div class=\"qodef-shortcode qodef-m qodef-qi-call-to-action qodef-layout--standard qodef-button-below--768\">\n\t<div class=\"qodef-m-inner\">\n\t\t<div class=\"qodef-m-content\">\n\t\t\t<h5 class=\"qodef-m-title\">\n\t\t\tBuchen Sie Ihren Aufenthalt\t\t<\/h5>\n\t\t<\/div>\n\t\t\t<div class=\"qodef-m-button\">\n\t\t<a class=\"qodef-shortcode qodef-m qodef-qi-button qodef-html--link qodef-layout--filled qodef-type--standard qodef-size--small qodef-icon--left qodef-hover--icon-move-horizontal-short\" href=\"https:\/\/booking.ericsoft.com\/BookingEngine\/Book?idh=F1BE1223F57FD70C\" target=\"_blank\" rel=\"nofollow\">\t<span class=\"qodef-m-text\">ONLINE BUCHEN<\/span>\t\t<span class=\"qodef-m-icon\">\t\t<span class=\"qodef-m-icon-inner\">\t\t\t<i aria-hidden=\"true\" class=\"far fa-calendar-alt\"><\/i>\t\t\t\t\t<\/span>\t<\/span><\/a>\t<\/div>\n\t\t\t<\/div>\n<\/div>\n\t\t\t\t<\/div>\n\t\t\t\t<\/div>\n\t\t\t\t\t<\/div>\n\t\t<\/div>\n\t\t\t\t\t<\/div>\n\t\t<\/section>\n\t\t\t\t<\/div>\n\t\t","protected":false},"excerpt":{"rendered":"<p>Aktivit\u00e4ten und Sehenswertes in der Umgebung Ausgerechnet im Herzen Europas, an einer der Pforten zu Italien, hat die Natur eine Oase geschaffen, in der sich ihre Sch\u00e4tze konzentrieren. Hier, s\u00fcdlich der Alpen, \u00e4ndert sich das Licht, die Berge spiegeln sich in den Gew\u00e4ssern der Seen, ein mildes Klima l\u00e4sst exotische Pflanzen gedeihen, man atmet s\u00fcdl\u00e4ndische [&hellip;]<\/p>\n","protected":false},"author":1,"featured_media":0,"parent":0,"menu_order":0,"comment_status":"closed","ping_status":"closed","template":"page-full-width.php","meta":{"footnotes":""},"class_list":["post-6878","page","type-page","status-publish","hentry"],"yoast_head":"<!-- This site is optimized with the Yoast SEO plugin v27.4 - https:\/\/yoast.com\/product\/yoast-seo-wordpress\/ -->\n<title>Was kann man in Stresa und in der Umgebung unternehmen?<\/title>\n<meta name=\"description\" content=\"Ruhig und gut an den Wasser- und Landtransport angebunden, ist unser Hotel ein perfekter Ausgangspunkt, um die Natur- und Kultursch\u00e4tze am Lago Maggiore zu erkunden und das vielf\u00e4ltige Angebot f\u00fcr sportliche Bet\u00e4tigung in der Umgebung zu nutzen.\" \/>\n<meta name=\"robots\" content=\"index, follow, max-snippet:-1, max-image-preview:large, max-video-preview:-1\" \/>\n<link rel=\"canonical\" href=\"https:\/\/www.hotelroyalstresa.com\/de\/aktivitaeten\/\" \/>\n<meta property=\"og:locale\" content=\"de_DE\" \/>\n<meta property=\"og:type\" content=\"article\" \/>\n<meta property=\"og:title\" content=\"Was kann man in Stresa und in der Umgebung unternehmen?\" \/>\n<meta property=\"og:description\" content=\"Ruhig und gut an den Wasser- und Landtransport angebunden, ist unser Hotel ein perfekter Ausgangspunkt, um die Natur- und Kultursch\u00e4tze am Lago Maggiore zu erkunden und das vielf\u00e4ltige Angebot f\u00fcr sportliche Bet\u00e4tigung in der Umgebung zu nutzen.\" \/>\n<meta property=\"og:url\" content=\"https:\/\/www.hotelroyalstresa.com\/de\/aktivitaeten\/\" \/>\n<meta property=\"og:site_name\" content=\"Hotel Royal Stresa\" \/>\n<meta property=\"article:publisher\" content=\"https:\/\/www.facebook.com\/hotelroyalstresa\" \/>\n<meta property=\"article:modified_time\" content=\"2023-04-05T14:12:30+00:00\" \/>\n<meta name=\"twitter:card\" content=\"summary_large_image\" \/>\n<meta name=\"twitter:label1\" content=\"Gesch\u00e4tzte Lesezeit\" \/>\n\t<meta name=\"twitter:data1\" content=\"3\u00a0Minuten\" \/>\n<script type=\"application\/ld+json\" class=\"yoast-schema-graph\">{\"@context\":\"https:\\\/\\\/schema.org\",\"@graph\":[{\"@type\":\"WebPage\",\"@id\":\"https:\\\/\\\/www.hotelroyalstresa.com\\\/de\\\/aktivitaeten\\\/\",\"url\":\"https:\\\/\\\/www.hotelroyalstresa.com\\\/de\\\/aktivitaeten\\\/\",\"name\":\"Was kann man in Stresa und in der Umgebung unternehmen?\",\"isPartOf\":{\"@id\":\"https:\\\/\\\/www.hotelroyalstresa.com\\\/de\\\/#website\"},\"datePublished\":\"2020-04-01T08:05:27+00:00\",\"dateModified\":\"2023-04-05T14:12:30+00:00\",\"description\":\"Ruhig und gut an den Wasser- und Landtransport angebunden, ist unser Hotel ein perfekter Ausgangspunkt, um die Natur- und Kultursch\u00e4tze am Lago Maggiore zu erkunden und das vielf\u00e4ltige Angebot f\u00fcr sportliche Bet\u00e4tigung in der Umgebung zu nutzen.\",\"breadcrumb\":{\"@id\":\"https:\\\/\\\/www.hotelroyalstresa.com\\\/de\\\/aktivitaeten\\\/#breadcrumb\"},\"inLanguage\":\"de\",\"potentialAction\":[{\"@type\":\"ReadAction\",\"target\":[\"https:\\\/\\\/www.hotelroyalstresa.com\\\/de\\\/aktivitaeten\\\/\"]}]},{\"@type\":\"BreadcrumbList\",\"@id\":\"https:\\\/\\\/www.hotelroyalstresa.com\\\/de\\\/aktivitaeten\\\/#breadcrumb\",\"itemListElement\":[{\"@type\":\"ListItem\",\"position\":1,\"name\":\"Home\",\"item\":\"https:\\\/\\\/www.hotelroyalstresa.com\\\/de\\\/\"},{\"@type\":\"ListItem\",\"position\":2,\"name\":\"Aktivit\u00e4ten\"}]},{\"@type\":\"WebSite\",\"@id\":\"https:\\\/\\\/www.hotelroyalstresa.com\\\/de\\\/#website\",\"url\":\"https:\\\/\\\/www.hotelroyalstresa.com\\\/de\\\/\",\"name\":\"Hotel Royal Stresa\",\"description\":\"\",\"publisher\":{\"@id\":\"https:\\\/\\\/www.hotelroyalstresa.com\\\/de\\\/#organization\"},\"potentialAction\":[{\"@type\":\"SearchAction\",\"target\":{\"@type\":\"EntryPoint\",\"urlTemplate\":\"https:\\\/\\\/www.hotelroyalstresa.com\\\/de\\\/?s={search_term_string}\"},\"query-input\":{\"@type\":\"PropertyValueSpecification\",\"valueRequired\":true,\"valueName\":\"search_term_string\"}}],\"inLanguage\":\"de\"},{\"@type\":\"Organization\",\"@id\":\"https:\\\/\\\/www.hotelroyalstresa.com\\\/de\\\/#organization\",\"name\":\"Hotel Royal Stresa\",\"url\":\"https:\\\/\\\/www.hotelroyalstresa.com\\\/de\\\/\",\"logo\":{\"@type\":\"ImageObject\",\"inLanguage\":\"de\",\"@id\":\"https:\\\/\\\/www.hotelroyalstresa.com\\\/de\\\/#\\\/schema\\\/logo\\\/image\\\/\",\"url\":\"https:\\\/\\\/www.hotelroyalstresa.com\\\/wp-content\\\/uploads\\\/2023\\\/03\\\/logo-royal-2022-orizzontale.png\",\"contentUrl\":\"https:\\\/\\\/www.hotelroyalstresa.com\\\/wp-content\\\/uploads\\\/2023\\\/03\\\/logo-royal-2022-orizzontale.png\",\"width\":1536,\"height\":213,\"caption\":\"Hotel Royal Stresa\"},\"image\":{\"@id\":\"https:\\\/\\\/www.hotelroyalstresa.com\\\/de\\\/#\\\/schema\\\/logo\\\/image\\\/\"},\"sameAs\":[\"https:\\\/\\\/www.facebook.com\\\/hotelroyalstresa\",\"https:\\\/\\\/www.instagram.com\\\/hotelroyalstresa\\\/\"]}]}<\/script>\n<!-- \/ Yoast SEO plugin. -->","yoast_head_json":{"title":"Was kann man in Stresa und in der Umgebung unternehmen?","description":"Ruhig und gut an den Wasser- und Landtransport angebunden, ist unser Hotel ein perfekter Ausgangspunkt, um die Natur- und Kultursch\u00e4tze am Lago Maggiore zu erkunden und das vielf\u00e4ltige Angebot f\u00fcr sportliche Bet\u00e4tigung in der Umgebung zu nutzen.","robots":{"index":"index","follow":"follow","max-snippet":"max-snippet:-1","max-image-preview":"max-image-preview:large","max-video-preview":"max-video-preview:-1"},"canonical":"https:\/\/www.hotelroyalstresa.com\/de\/aktivitaeten\/","og_locale":"de_DE","og_type":"article","og_title":"Was kann man in Stresa und in der Umgebung unternehmen?","og_description":"Ruhig und gut an den Wasser- und Landtransport angebunden, ist unser Hotel ein perfekter Ausgangspunkt, um die Natur- und Kultursch\u00e4tze am Lago Maggiore zu erkunden und das vielf\u00e4ltige Angebot f\u00fcr sportliche Bet\u00e4tigung in der Umgebung zu nutzen.","og_url":"https:\/\/www.hotelroyalstresa.com\/de\/aktivitaeten\/","og_site_name":"Hotel Royal Stresa","article_publisher":"https:\/\/www.facebook.com\/hotelroyalstresa","article_modified_time":"2023-04-05T14:12:30+00:00","twitter_card":"summary_large_image","twitter_misc":{"Gesch\u00e4tzte Lesezeit":"3\u00a0Minuten"},"schema":{"@context":"https:\/\/schema.org","@graph":[{"@type":"WebPage","@id":"https:\/\/www.hotelroyalstresa.com\/de\/aktivitaeten\/","url":"https:\/\/www.hotelroyalstresa.com\/de\/aktivitaeten\/","name":"Was kann man in Stresa und in der Umgebung unternehmen?","isPartOf":{"@id":"https:\/\/www.hotelroyalstresa.com\/de\/#website"},"datePublished":"2020-04-01T08:05:27+00:00","dateModified":"2023-04-05T14:12:30+00:00","description":"Ruhig und gut an den Wasser- und Landtransport angebunden, ist unser Hotel ein perfekter Ausgangspunkt, um die Natur- und Kultursch\u00e4tze am Lago Maggiore zu erkunden und das vielf\u00e4ltige Angebot f\u00fcr sportliche Bet\u00e4tigung in der Umgebung zu nutzen.","breadcrumb":{"@id":"https:\/\/www.hotelroyalstresa.com\/de\/aktivitaeten\/#breadcrumb"},"inLanguage":"de","potentialAction":[{"@type":"ReadAction","target":["https:\/\/www.hotelroyalstresa.com\/de\/aktivitaeten\/"]}]},{"@type":"BreadcrumbList","@id":"https:\/\/www.hotelroyalstresa.com\/de\/aktivitaeten\/#breadcrumb","itemListElement":[{"@type":"ListItem","position":1,"name":"Home","item":"https:\/\/www.hotelroyalstresa.com\/de\/"},{"@type":"ListItem","position":2,"name":"Aktivit\u00e4ten"}]},{"@type":"WebSite","@id":"https:\/\/www.hotelroyalstresa.com\/de\/#website","url":"https:\/\/www.hotelroyalstresa.com\/de\/","name":"Hotel Royal Stresa","description":"","publisher":{"@id":"https:\/\/www.hotelroyalstresa.com\/de\/#organization"},"potentialAction":[{"@type":"SearchAction","target":{"@type":"EntryPoint","urlTemplate":"https:\/\/www.hotelroyalstresa.com\/de\/?s={search_term_string}"},"query-input":{"@type":"PropertyValueSpecification","valueRequired":true,"valueName":"search_term_string"}}],"inLanguage":"de"},{"@type":"Organization","@id":"https:\/\/www.hotelroyalstresa.com\/de\/#organization","name":"Hotel Royal Stresa","url":"https:\/\/www.hotelroyalstresa.com\/de\/","logo":{"@type":"ImageObject","inLanguage":"de","@id":"https:\/\/www.hotelroyalstresa.com\/de\/#\/schema\/logo\/image\/","url":"https:\/\/www.hotelroyalstresa.com\/wp-content\/uploads\/2023\/03\/logo-royal-2022-orizzontale.png","contentUrl":"https:\/\/www.hotelroyalstresa.com\/wp-content\/uploads\/2023\/03\/logo-royal-2022-orizzontale.png","width":1536,"height":213,"caption":"Hotel Royal Stresa"},"image":{"@id":"https:\/\/www.hotelroyalstresa.com\/de\/#\/schema\/logo\/image\/"},"sameAs":["https:\/\/www.facebook.com\/hotelroyalstresa","https:\/\/www.instagram.com\/hotelroyalstresa\/"]}]}},"_links":{"self":[{"href":"https:\/\/www.hotelroyalstresa.com\/de\/wp-json\/wp\/v2\/pages\/6878","targetHints":{"allow":["GET"]}}],"collection":[{"href":"https:\/\/www.hotelroyalstresa.com\/de\/wp-json\/wp\/v2\/pages"}],"about":[{"href":"https:\/\/www.hotelroyalstresa.com\/de\/wp-json\/wp\/v2\/types\/page"}],"author":[{"embeddable":true,"href":"https:\/\/www.hotelroyalstresa.com\/de\/wp-json\/wp\/v2\/users\/1"}],"replies":[{"embeddable":true,"href":"https:\/\/www.hotelroyalstresa.com\/de\/wp-json\/wp\/v2\/comments?post=6878"}],"version-history":[{"count":8,"href":"https:\/\/www.hotelroyalstresa.com\/de\/wp-json\/wp\/v2\/pages\/6878\/revisions"}],"predecessor-version":[{"id":7672,"href":"https:\/\/www.hotelroyalstresa.com\/de\/wp-json\/wp\/v2\/pages\/6878\/revisions\/7672"}],"wp:attachment":[{"href":"https:\/\/www.hotelroyalstresa.com\/de\/wp-json\/wp\/v2\/media?parent=6878"}],"curies":[{"name":"wp","href":"https:\/\/api.w.org\/{rel}","templated":true}]}}